{"id":10290,"date":"2024-06-03T22:50:47","date_gmt":"2024-06-04T08:50:47","guid":{"rendered":"https:\/\/dev.tahitidreamtours.com\/?page_id=10290"},"modified":"2024-07-27T12:44:45","modified_gmt":"2024-07-27T22:44:45","slug":"peche-des-grands-fonds","status":"publish","type":"page","link":"https:\/\/tahitidreamtours.com\/en\/activites\/peche-des-grands-fonds\/","title":{"rendered":"Deep sea fishing"},"content":{"rendered":"<div data-elementor-type=\"wp-page\" data-elementor-id=\"10290\" class=\"elementor elementor-10290\" data-elementor-settings=\"{&quot;ha_cmc_init_switcher&quot;:&quot;no&quot;}\">\n\t\t\t\t\t\t<section class=\"elementor-section elementor-top-section elementor-element elementor-element-79f5a65 elementor-section-content-middle elementor-section-boxed elementor-section-height-default elementor-section-height-default wpr-particle-no wpr-jarallax-no wpr-parallax-no wpr-sticky-section-no\" data-id=\"79f5a65\" data-element_type=\"section\" data-settings=\"{&quot;background_background&quot;:&quot;classic&quot;,&quot;_ha_eqh_enable&quot;:false}\">\n\t\t\t\t\t\t<div class=\"elementor-container elementor-column-gap-default\">\n\t\t\t\t\t<div class=\"elementor-column elementor-col-100 elementor-top-column elementor-element elementor-element-0ff23de\" data-id=\"0ff23de\" data-element_type=\"column\">\n\t\t\t<div class=\"elementor-widget-wrap elementor-element-populated\">\n\t\t\t\t\t\t<div class=\"elementor-element elementor-element-dba630e hideMe elementor-widget elementor-widget-html\" data-id=\"dba630e\" data-element_type=\"widget\" data-widget_type=\"html.default\">\n\t\t\t\t<div class=\"elementor-widget-container\">\n\t\t\t\t\t<style type=\"text\/css\">\n<!--\n.tabs-bouton #peche2 {\n    background: #4c74e6;\n}\n-->\n<\/style>\n\t\t\t\t<\/div>\n\t\t\t\t<\/div>\n\t\t\t\t<div class=\"elementor-element elementor-element-ebb997a elementor-invisible elementor-widget elementor-widget-crust-badge\" data-id=\"ebb997a\" data-element_type=\"widget\" data-settings=\"{&quot;_animation&quot;:&quot;fadeInUp&quot;}\" data-widget_type=\"crust-badge.default\">\n\t\t\t\t<div class=\"elementor-widget-container\">\n\t\t\t\t\t<span class=\"badge-line\"><\/span><span class=\"crust-badge  crust-badge-minimal\"><p>Our activities<\/p><\/span><span class=\"badge-right-line\"><\/span>\t\t\t\t<\/div>\n\t\t\t\t<\/div>\n\t\t\t\t<div class=\"elementor-element elementor-element-f2398a2 elementor-widget elementor-widget-wpr-elementor-template\" data-id=\"f2398a2\" data-element_type=\"widget\" data-widget_type=\"wpr-elementor-template.default\">\n\t\t\t\t<div class=\"elementor-widget-container\">\n\t\t\t\t\t<style>.elementor-bc-flex-widget .elementor-9072 .elementor-element.elementor-element-7e52937.elementor-column .elementor-widget-wrap{align-items:center;}.elementor-9072 .elementor-element.elementor-element-7e52937.elementor-column.elementor-element[data-element_type=\"column\"] > .elementor-widget-wrap.elementor-element-populated{align-content:center;align-items:center;}.elementor-9072 .elementor-element.elementor-element-7e52937.elementor-column > .elementor-widget-wrap{justify-content:space-evenly;}.elementor-widget-button .elementor-button{background-color:var( --e-global-color-accent );font-family:var( --e-global-typography-accent-font-family ), Sans-serif;font-weight:var( --e-global-typography-accent-font-weight );}.elementor-9072 .elementor-element.elementor-element-a0a3570 .elementor-button{background-color:var( --e-global-color-primary );}.elementor-9072 .elementor-element.elementor-element-a0a3570{width:auto;max-width:auto;}.elementor-9072 .elementor-element.elementor-element-a0a3570 .elementor-button-content-wrapper{flex-direction:row;}.elementor-9072 .elementor-element.elementor-element-a0a3570 .elementor-button .elementor-button-content-wrapper{gap:10px;}.elementor-9072 .elementor-element.elementor-element-1dd38f6 .elementor-button{background-color:var( --e-global-color-primary );}.elementor-9072 .elementor-element.elementor-element-1dd38f6{width:auto;max-width:auto;}.elementor-9072 .elementor-element.elementor-element-1dd38f6 .elementor-button-content-wrapper{flex-direction:row;}.elementor-9072 .elementor-element.elementor-element-1dd38f6 .elementor-button .elementor-button-content-wrapper{gap:10px;}.elementor-9072 .elementor-element.elementor-element-4bb3721 .elementor-button{background-color:var( --e-global-color-primary );}.elementor-9072 .elementor-element.elementor-element-4bb3721{width:auto;max-width:auto;}.elementor-9072 .elementor-element.elementor-element-4bb3721 .elementor-button-content-wrapper{flex-direction:row;}.elementor-9072 .elementor-element.elementor-element-4bb3721 .elementor-button .elementor-button-content-wrapper{gap:10px;}.elementor-9072 .elementor-element.elementor-element-7e79e0a .elementor-button{background-color:var( --e-global-color-primary );}.elementor-9072 .elementor-element.elementor-element-7e79e0a{width:auto;max-width:auto;}.elementor-9072 .elementor-element.elementor-element-7e79e0a .elementor-button-content-wrapper{flex-direction:row;}.elementor-9072 .elementor-element.elementor-element-7e79e0a .elementor-button .elementor-button-content-wrapper{gap:10px;}.elementor-9072 .elementor-element.elementor-element-923bd9d .elementor-button{background-color:var( --e-global-color-primary );}.elementor-9072 .elementor-element.elementor-element-923bd9d{width:auto;max-width:auto;}.elementor-9072 .elementor-element.elementor-element-923bd9d .elementor-button-content-wrapper{flex-direction:row;}.elementor-9072 .elementor-element.elementor-element-923bd9d .elementor-button .elementor-button-content-wrapper{gap:10px;}.elementor-9072 .elementor-element.elementor-element-6a1fbdd .elementor-button{background-color:var( --e-global-color-primary );}.elementor-9072 .elementor-element.elementor-element-6a1fbdd{width:auto;max-width:auto;}.elementor-9072 .elementor-element.elementor-element-6a1fbdd .elementor-button-content-wrapper{flex-direction:row;}.elementor-9072 .elementor-element.elementor-element-6a1fbdd .elementor-button .elementor-button-content-wrapper{gap:10px;}<\/style>\t\t<div data-elementor-type=\"section\" data-elementor-id=\"9072\" class=\"elementor elementor-9072\" data-elementor-settings=\"{&quot;ha_cmc_init_switcher&quot;:&quot;no&quot;}\">\n\t\t\t\t\t\t<section class=\"elementor-section elementor-top-section elementor-element elementor-element-5b86389 tabs_activites elementor-section-boxed elementor-section-height-default elementor-section-height-default wpr-particle-no wpr-jarallax-no wpr-parallax-no wpr-sticky-section-no\" data-id=\"5b86389\" data-element_type=\"section\" data-settings=\"{&quot;_ha_eqh_enable&quot;:false}\">\n\t\t\t\t\t\t<div class=\"elementor-container elementor-column-gap-default\">\n\t\t\t\t\t<div class=\"crust-sticky-column elementor-column elementor-col-100 elementor-top-column elementor-element elementor-element-7e52937 crust-sticky-column\" data-id=\"7e52937\" data-element_type=\"column\">\n\t\t\t<div class=\"elementor-widget-wrap elementor-element-populated\">\n\t\t\t\t\t\t<div class=\"elementor-element elementor-element-a0a3570 elementor-widget__width-auto tabs-bouton elementor-widget elementor-widget-button\" data-id=\"a0a3570\" data-element_type=\"widget\" data-widget_type=\"button.default\">\n\t\t\t\t<div class=\"elementor-widget-container\">\n\t\t\t\t\t\t\t\t\t<div class=\"elementor-button-wrapper\">\n\t\t\t\t\t<a class=\"elementor-button elementor-button-link elementor-size-sm\" href=\"https:\/\/tahitidreamtours.com\/en\/activites\/dauphins-baleines\/\" id=\"dauphins\">\n\t\t\t\t\t\t<span class=\"elementor-button-content-wrapper\">\n\t\t\t\t\t\t<span class=\"elementor-button-icon\">\n\t\t\t\t<i aria-hidden=\"true\" class=\"fad fa-whale\"><\/i>\t\t\t<\/span>\n\t\t\t\t\t\t\t\t\t<span class=\"elementor-button-text\">Dolphins and whales<\/span>\n\t\t\t\t\t<\/span>\n\t\t\t\t\t<\/a>\n\t\t\t\t<\/div>\n\t\t\t\t\t\t\t\t<\/div>\n\t\t\t\t<\/div>\n\t\t\t\t<div class=\"elementor-element elementor-element-1dd38f6 elementor-widget__width-auto tabs-bouton elementor-widget elementor-widget-button\" data-id=\"1dd38f6\" data-element_type=\"widget\" data-widget_type=\"button.default\">\n\t\t\t\t<div class=\"elementor-widget-container\">\n\t\t\t\t\t\t\t\t\t<div class=\"elementor-button-wrapper\">\n\t\t\t\t\t<a class=\"elementor-button elementor-button-link elementor-size-sm\" href=\"https:\/\/tahitidreamtours.com\/en\/activites\/decouverte-du-lagon\/\" id=\"lunchbreak\">\n\t\t\t\t\t\t<span class=\"elementor-button-content-wrapper\">\n\t\t\t\t\t\t<span class=\"elementor-button-icon\">\n\t\t\t\t<i aria-hidden=\"true\" class=\"fad fa-water\"><\/i>\t\t\t<\/span>\n\t\t\t\t\t\t\t\t\t<span class=\"elementor-button-text\">Discovery of the lagoon<\/span>\n\t\t\t\t\t<\/span>\n\t\t\t\t\t<\/a>\n\t\t\t\t<\/div>\n\t\t\t\t\t\t\t\t<\/div>\n\t\t\t\t<\/div>\n\t\t\t\t<div class=\"elementor-element elementor-element-4bb3721 elementor-widget__width-auto tabs-bouton elementor-widget elementor-widget-button\" data-id=\"4bb3721\" data-element_type=\"widget\" data-widget_type=\"button.default\">\n\t\t\t\t<div class=\"elementor-widget-container\">\n\t\t\t\t\t\t\t\t\t<div class=\"elementor-button-wrapper\">\n\t\t\t\t\t<a class=\"elementor-button elementor-button-link elementor-size-sm\" href=\"https:\/\/tahitidreamtours.com\/en\/activites\/peche-cotiere\/\" id=\"peche1\">\n\t\t\t\t\t\t<span class=\"elementor-button-content-wrapper\">\n\t\t\t\t\t\t<span class=\"elementor-button-icon\">\n\t\t\t\t<i aria-hidden=\"true\" class=\"fad fa-fish\"><\/i>\t\t\t<\/span>\n\t\t\t\t\t\t\t\t\t<span class=\"elementor-button-text\">Coastal fishing<\/span>\n\t\t\t\t\t<\/span>\n\t\t\t\t\t<\/a>\n\t\t\t\t<\/div>\n\t\t\t\t\t\t\t\t<\/div>\n\t\t\t\t<\/div>\n\t\t\t\t<div class=\"elementor-element elementor-element-7e79e0a elementor-widget__width-auto tabs-bouton elementor-widget elementor-widget-button\" data-id=\"7e79e0a\" data-element_type=\"widget\" data-widget_type=\"button.default\">\n\t\t\t\t<div class=\"elementor-widget-container\">\n\t\t\t\t\t\t\t\t\t<div class=\"elementor-button-wrapper\">\n\t\t\t\t\t<a class=\"elementor-button elementor-button-link elementor-size-sm\" href=\"https:\/\/tahitidreamtours.com\/en\/activites\/peche-des-grands-fonds\/\" id=\"peche2\">\n\t\t\t\t\t\t<span class=\"elementor-button-content-wrapper\">\n\t\t\t\t\t\t<span class=\"elementor-button-icon\">\n\t\t\t\t<svg aria-hidden=\"true\" class=\"e-font-icon-svg e-fas-fish\" viewbox=\"0 0 576 512\" xmlns=\"http:\/\/www.w3.org\/2000\/svg\"><path d=\"M327.1 96c-89.97 0-168.54 54.77-212.27 101.63L27.5 131.58c-12.13-9.18-30.24.6-27.14 14.66L24.54 256 .35 365.77c-3.1 14.06 15.01 23.83 27.14 14.66l87.33-66.05C158.55 361.23 237.13 416 327.1 416 464.56 416 576 288 576 256S464.56 96 327.1 96zm87.43 184c-13.25 0-24-10.75-24-24 0-13.26 10.75-24 24-24 13.26 0 24 10.74 24 24 0 13.25-10.75 24-24 24z\"><\/path><\/svg>\t\t\t<\/span>\n\t\t\t\t\t\t\t\t\t<span class=\"elementor-button-text\">Deep sea fishing<\/span>\n\t\t\t\t\t<\/span>\n\t\t\t\t\t<\/a>\n\t\t\t\t<\/div>\n\t\t\t\t\t\t\t\t<\/div>\n\t\t\t\t<\/div>\n\t\t\t\t<div class=\"elementor-element elementor-element-923bd9d elementor-widget__width-auto tabs-bouton elementor-widget elementor-widget-button\" data-id=\"923bd9d\" data-element_type=\"widget\" data-widget_type=\"button.default\">\n\t\t\t\t<div class=\"elementor-widget-container\">\n\t\t\t\t\t\t\t\t\t<div class=\"elementor-button-wrapper\">\n\t\t\t\t\t<a class=\"elementor-button elementor-button-link elementor-size-sm\" href=\"https:\/\/tahitidreamtours.com\/en\/activites\/sunset-tour\/\" id=\"sunset\">\n\t\t\t\t\t\t<span class=\"elementor-button-content-wrapper\">\n\t\t\t\t\t\t<span class=\"elementor-button-icon\">\n\t\t\t\t<i aria-hidden=\"true\" class=\"fad fa-sun\"><\/i>\t\t\t<\/span>\n\t\t\t\t\t\t\t\t\t<span class=\"elementor-button-text\">Sunset tour<\/span>\n\t\t\t\t\t<\/span>\n\t\t\t\t\t<\/a>\n\t\t\t\t<\/div>\n\t\t\t\t\t\t\t\t<\/div>\n\t\t\t\t<\/div>\n\t\t\t\t<div class=\"elementor-element elementor-element-6a1fbdd elementor-widget__width-auto tabs-bouton elementor-widget elementor-widget-button\" data-id=\"6a1fbdd\" data-element_type=\"widget\" data-widget_type=\"button.default\">\n\t\t\t\t<div class=\"elementor-widget-container\">\n\t\t\t\t\t\t\t\t\t<div class=\"elementor-button-wrapper\">\n\t\t\t\t\t<a class=\"elementor-button elementor-button-link elementor-size-sm\" href=\"https:\/\/tahitidreamtours.com\/en\/activites\/tour-prive\/\" id=\"tourprive\">\n\t\t\t\t\t\t<span class=\"elementor-button-content-wrapper\">\n\t\t\t\t\t\t<span class=\"elementor-button-icon\">\n\t\t\t\t<i aria-hidden=\"true\" class=\"fad fa-stars\"><\/i>\t\t\t<\/span>\n\t\t\t\t\t\t\t\t\t<span class=\"elementor-button-text\">Custom private tour<\/span>\n\t\t\t\t\t<\/span>\n\t\t\t\t\t<\/a>\n\t\t\t\t<\/div>\n\t\t\t\t\t\t\t\t<\/div>\n\t\t\t\t<\/div>\n\t\t\t\t\t<\/div>\n\t\t<\/div>\n\t\t\t\t\t<\/div>\n\t\t<\/section>\n\t\t\t\t<\/div>\n\t\t<span class=\"wpr-template-edit-btn\" data-permalink=\"https:\/\/tahitidreamtours.com\/en\/?elementor_library=tabs_activites\">Edit Template<\/span>\t\t\t\t<\/div>\n\t\t\t\t<\/div>\n\t\t\t\t<div class=\"elementor-element elementor-element-370c1d8 elementor-invisible elementor-widget elementor-widget-crust-heading\" data-id=\"370c1d8\" data-element_type=\"widget\" data-settings=\"{&quot;_animation&quot;:&quot;fadeInUp&quot;,&quot;_animation_delay&quot;:200}\" data-widget_type=\"crust-heading.default\">\n\t\t\t\t<div class=\"elementor-widget-container\">\n\t\t\t\t\t<h2 class=\"crust-heading\"><p>Deep sea fishing<\/p><\/h2>\t\t\t\t<\/div>\n\t\t\t\t<\/div>\n\t\t\t\t<div class=\"elementor-element elementor-element-4009141 elementor-widget elementor-widget-heading\" data-id=\"4009141\" data-element_type=\"widget\" data-widget_type=\"heading.default\">\n\t\t\t\t<div class=\"elementor-widget-container\">\n\t\t\t\t\t<h4 class=\"elementor-heading-title elementor-size-default\">Price for 2 hours: from 11,900 XPF (\u20ac99)\/person<br> \nPrice for 3 hours: from 14,900 XPF (\u20ac125)\/person<br>\nMin: 2 people, max: 5 to 8 people<\/h4>\t\t\t\t<\/div>\n\t\t\t\t<\/div>\n\t\t\t\t<div class=\"elementor-element elementor-element-f5d8db6 elementor-align-center elementor-widget elementor-widget-button\" data-id=\"f5d8db6\" data-element_type=\"widget\" data-widget_type=\"button.default\">\n\t\t\t\t<div class=\"elementor-widget-container\">\n\t\t\t\t\t\t\t\t\t<div class=\"elementor-button-wrapper\">\n\t\t\t\t\t<a class=\"elementor-button elementor-button-link elementor-size-sm\" href=\"https:\/\/tahitidreamtours.com\/en\/reserver\/\">\n\t\t\t\t\t\t<span class=\"elementor-button-content-wrapper\">\n\t\t\t\t\t\t\t\t\t<span class=\"elementor-button-text\">Book now<\/span>\n\t\t\t\t\t<\/span>\n\t\t\t\t\t<\/a>\n\t\t\t\t<\/div>\n\t\t\t\t\t\t\t\t<\/div>\n\t\t\t\t<\/div>\n\t\t\t\t<section class=\"elementor-section elementor-inner-section elementor-element elementor-element-8b31c92 elementor-section-boxed elementor-section-height-default elementor-section-height-default wpr-particle-no wpr-jarallax-no wpr-parallax-no wpr-sticky-section-no\" data-id=\"8b31c92\" data-element_type=\"section\" data-settings=\"{&quot;_ha_eqh_enable&quot;:false}\">\n\t\t\t\t\t\t<div class=\"elementor-container elementor-column-gap-default\">\n\t\t\t\t\t<div class=\"elementor-column elementor-col-100 elementor-inner-column elementor-element elementor-element-d747098\" data-id=\"d747098\" data-element_type=\"column\">\n\t\t\t<div class=\"elementor-widget-wrap elementor-element-populated\">\n\t\t\t\t\t\t<div class=\"elementor-element elementor-element-d68e415 elementor-widget elementor-widget-text-editor\" data-id=\"d68e415\" data-element_type=\"widget\" data-no-translation=\"\" data-widget_type=\"text-editor.default\">\n\t\t\t\t<div class=\"elementor-widget-container\">\n\t\t\t\t\t<style>.elementor-element-d68e415{display:none !important}<\/style>\t\t\t\t<\/div>\n\t\t\t\t<\/div>\n\t\t\t\t<div class=\"elementor-element elementor-element-2a7e73e elementor-widget elementor-widget-text-editor\" data-id=\"2a7e73e\" data-element_type=\"widget\" data-no-translation=\"\" data-widget_type=\"text-editor.default\">\n\t\t\t\t<div class=\"elementor-widget-container\">\n\t\t\t\t\t\t\t\t\t<p>Come and discover deep sea fishing with me (between 150 &#8211; 600 meters deep) with the help of an electric reel, a fascinating world with its unusual colors and shapes.<br \/>A fantastic and extraordinary experience.\u00a0<\/p>\t\t\t\t\t\t\t\t<\/div>\n\t\t\t\t<\/div>\n\t\t\t\t\t<\/div>\n\t\t<\/div>\n\t\t\t\t\t<\/div>\n\t\t<\/section>\n\t\t\t\t\t<\/div>\n\t\t<\/div>\n\t\t\t\t\t<\/div>\n\t\t<\/section>\n\t\t\t\t<section class=\"elementor-section elementor-top-section elementor-element elementor-element-f38d4dc elementor-section-boxed elementor-section-height-default elementor-section-height-default wpr-particle-no wpr-jarallax-no wpr-parallax-no wpr-sticky-section-no\" data-id=\"f38d4dc\" data-element_type=\"section\" data-settings=\"{&quot;_ha_eqh_enable&quot;:false}\">\n\t\t\t\t\t\t<div class=\"elementor-container elementor-column-gap-default\">\n\t\t\t\t\t<div class=\"elementor-column elementor-col-100 elementor-top-column elementor-element elementor-element-712c9fa\" data-id=\"712c9fa\" data-element_type=\"column\">\n\t\t\t<div class=\"elementor-widget-wrap elementor-element-populated\">\n\t\t\t\t\t\t<div class=\"elementor-element elementor-element-94ef0a3 elementor-widget elementor-widget-shortcode\" data-id=\"94ef0a3\" data-element_type=\"widget\" data-widget_type=\"shortcode.default\">\n\t\t\t\t<div class=\"elementor-widget-container\">\n\t\t\t\t\t\t\t<div class=\"elementor-shortcode\">ngg_shortcode_0_placeholder<\/div>\n\t\t\t\t\t\t<\/div>\n\t\t\t\t<\/div>\n\t\t\t\t\t<\/div>\n\t\t<\/div>\n\t\t\t\t\t<\/div>\n\t\t<\/section>\n\t\t\t\t<\/div>","protected":false},"excerpt":{"rendered":"<p>Nos activit\u00e9s Dauphins et baleines D\u00e9couverte du lagon P\u00eache c\u00f4ti\u00e8re P\u00eache des grands fonds Sunset tour Tour privatis\u00e9 \u00e0 la carte Edit Template P\u00eache des grands fonds Prix pour 2h : \u00e0 partir de 11 900 XPF (99 \u20ac)\/personne Prix pour 3h : \u00e0 partir de 14 900 XPF (125 \u20ac)\/personne Min: 2 personnes, max: 5 \u00e0 8 personnes R\u00e9server Venez d\u00e9couvrir avec moi la p\u00eache des grands fonds ( entre 150 &#8211; 600 m\u00e8tres de fond ) avec l\u2019aide d\u2019un moulinet \u00e9lectrique, un monde fascinant par ses couleurs et ses formes inhabituelles.Une exp\u00e9rience fantastique et extraordinaire. Come and discover deep sea fishing with me (between 150 &#8211; 600 meters deep) with the help of an electric reel, a fascinating world with its unusual colors and shapes.A fantastic and extraordinary experience.\u00a0<\/p>","protected":false},"author":1,"featured_media":0,"parent":2,"menu_order":0,"comment_status":"closed","ping_status":"closed","template":"","meta":{"ngg_post_thumbnail":0,"footnotes":""},"class_list":["post-10290","page","type-page","status-publish","hentry"],"yoast_head":"<!-- This site is optimized with the Yoast SEO Premium plugin v15.0 - https:\/\/yoast.com\/wordpress\/plugins\/seo\/ -->\n<title>P\u00eache des grands fonds - Tahiti Dream Tours<\/title>\n<meta name=\"robots\" content=\"index, follow, max-snippet:-1, max-image-preview:large, max-video-preview:-1\" \/>\n<link rel=\"canonical\" href=\"https:\/\/tahitidreamtours.com\/en\/activites\/peche-des-grands-fonds\/\" \/>\n<meta property=\"og:locale\" content=\"en_US\" \/>\n<meta property=\"og:type\" content=\"article\" \/>\n<meta property=\"og:title\" content=\"P\u00eache des grands fonds - Tahiti Dream Tours\" \/>\n<meta property=\"og:description\" content=\"Nos activit\u00e9s Dauphins et baleines D\u00e9couverte du lagon P\u00eache c\u00f4ti\u00e8re P\u00eache des grands fonds Sunset tour Tour privatis\u00e9 \u00e0 la carte Edit Template P\u00eache des grands fonds Prix pour 2h : \u00e0 partir de 11 900 XPF (99 \u20ac)\/personne Prix pour 3h : \u00e0 partir de 14 900 XPF (125 \u20ac)\/personne Min: 2 personnes, max: 5 \u00e0 8 personnes R\u00e9server Venez d\u00e9couvrir avec moi la p\u00eache des grands fonds ( entre 150 &#8211; 600 m\u00e8tres de fond ) avec l\u2019aide d\u2019un moulinet \u00e9lectrique, un monde fascinant par ses couleurs et ses formes inhabituelles.Une exp\u00e9rience fantastique et extraordinaire. Come and discover deep sea fishing with me (between 150 &#8211; 600 meters deep) with the help of an electric reel, a fascinating world with its unusual colors and shapes.A fantastic and extraordinary experience.\u00a0\" \/>\n<meta property=\"og:url\" content=\"https:\/\/tahitidreamtours.com\/en\/activites\/peche-des-grands-fonds\/\" \/>\n<meta property=\"og:site_name\" content=\"Tahiti Dream Tours\" \/>\n<meta property=\"article:publisher\" content=\"https:\/\/www.facebook.com\/Tahiti-DREAM-TOURS-162369734331289\/\" \/>\n<meta property=\"article:modified_time\" content=\"2024-07-27T22:44:45+00:00\" \/>\n<meta name=\"twitter:card\" content=\"summary_large_image\" \/>\n<script type=\"application\/ld+json\" class=\"yoast-schema-graph\">{\"@context\":\"https:\/\/schema.org\",\"@graph\":[{\"@type\":\"Organization\",\"@id\":\"https:\/\/tahitidreamtours.com\/en\/#organization\",\"name\":\"Tahiti Dream Tours\",\"url\":\"https:\/\/tahitidreamtours.com\/en\/\",\"sameAs\":[\"https:\/\/www.facebook.com\/Tahiti-DREAM-TOURS-162369734331289\/\"],\"logo\":{\"@type\":\"ImageObject\",\"@id\":\"https:\/\/tahitidreamtours.com\/en\/#logo\",\"inLanguage\":\"en-US\",\"url\":\"https:\/\/tahitidreamtours.com\/wp-content\/uploads\/2024\/08\/logo-570.png\",\"width\":570,\"height\":570,\"caption\":\"Tahiti Dream Tours\"},\"image\":{\"@id\":\"https:\/\/tahitidreamtours.com\/en\/#logo\"}},{\"@type\":\"WebSite\",\"@id\":\"https:\/\/tahitidreamtours.com\/en\/#website\",\"url\":\"https:\/\/tahitidreamtours.com\/en\/\",\"name\":\"Tahiti Dream Tours\",\"description\":\"Observation des dauphins &amp; baleines \\u00e0 Tahiti - Tours priv\\u00e9s avec guide agr\\u00e9\\u00e9\",\"publisher\":{\"@id\":\"https:\/\/tahitidreamtours.com\/en\/#organization\"},\"potentialAction\":[{\"@type\":\"SearchAction\",\"target\":\"https:\/\/tahitidreamtours.com\/en\/?s={search_term_string}\",\"query-input\":\"required name=search_term_string\"}],\"inLanguage\":\"en-US\"},{\"@type\":\"WebPage\",\"@id\":\"https:\/\/tahitidreamtours.com\/activites\/peche-des-grands-fonds\/#webpage\",\"url\":\"https:\/\/tahitidreamtours.com\/activites\/peche-des-grands-fonds\/\",\"name\":\"P\\u00eache des grands fonds - Tahiti Dream Tours\",\"isPartOf\":{\"@id\":\"https:\/\/tahitidreamtours.com\/en\/#website\"},\"datePublished\":\"2024-06-04T08:50:47+00:00\",\"dateModified\":\"2024-07-27T22:44:45+00:00\",\"breadcrumb\":{\"@id\":\"https:\/\/tahitidreamtours.com\/activites\/peche-des-grands-fonds\/#breadcrumb\"},\"inLanguage\":\"en-US\",\"potentialAction\":[{\"@type\":\"ReadAction\",\"target\":[\"https:\/\/tahitidreamtours.com\/activites\/peche-des-grands-fonds\/\"]}]},{\"@type\":\"BreadcrumbList\",\"@id\":\"https:\/\/tahitidreamtours.com\/activites\/peche-des-grands-fonds\/#breadcrumb\",\"itemListElement\":[{\"@type\":\"ListItem\",\"position\":1,\"item\":{\"@type\":\"WebPage\",\"@id\":\"https:\/\/tahitidreamtours.com\/\",\"url\":\"https:\/\/tahitidreamtours.com\/\",\"name\":\"Accueil\"}},{\"@type\":\"ListItem\",\"position\":2,\"item\":{\"@type\":\"WebPage\",\"@id\":\"https:\/\/tahitidreamtours.com\/activites\/\",\"url\":\"https:\/\/tahitidreamtours.com\/activites\/\",\"name\":\"Activit\\u00e9s\"}},{\"@type\":\"ListItem\",\"position\":3,\"item\":{\"@type\":\"WebPage\",\"@id\":\"https:\/\/tahitidreamtours.com\/activites\/peche-des-grands-fonds\/\",\"url\":\"https:\/\/tahitidreamtours.com\/activites\/peche-des-grands-fonds\/\",\"name\":\"P\\u00eache des grands fonds\"}}]}]}<\/script>\n<!-- \/ Yoast SEO Premium plugin. -->","_links":{"self":[{"href":"https:\/\/tahitidreamtours.com\/en\/wp-json\/wp\/v2\/pages\/10290","targetHints":{"allow":["GET"]}}],"collection":[{"href":"https:\/\/tahitidreamtours.com\/en\/wp-json\/wp\/v2\/pages"}],"about":[{"href":"https:\/\/tahitidreamtours.com\/en\/wp-json\/wp\/v2\/types\/page"}],"author":[{"embeddable":true,"href":"https:\/\/tahitidreamtours.com\/en\/wp-json\/wp\/v2\/users\/1"}],"replies":[{"embeddable":true,"href":"https:\/\/tahitidreamtours.com\/en\/wp-json\/wp\/v2\/comments?post=10290"}],"version-history":[{"count":0,"href":"https:\/\/tahitidreamtours.com\/en\/wp-json\/wp\/v2\/pages\/10290\/revisions"}],"up":[{"embeddable":true,"href":"https:\/\/tahitidreamtours.com\/en\/wp-json\/wp\/v2\/pages\/2"}],"wp:attachment":[{"href":"https:\/\/tahitidreamtours.com\/en\/wp-json\/wp\/v2\/media?parent=10290"}],"curies":[{"name":"wp","href":"https:\/\/api.w.org\/{rel}","templated":true}]}}