{"id":10670,"date":"2024-06-04T10:26:05","date_gmt":"2024-06-04T20:26:05","guid":{"rendered":"https:\/\/dev.tahitidreamtours.com\/?page_id=10670"},"modified":"2024-07-30T15:23:32","modified_gmt":"2024-07-31T01:23:32","slug":"bateaux","status":"publish","type":"page","link":"https:\/\/tahitidreamtours.com\/en\/bateaux\/","title":{"rendered":"Our boats"},"content":{"rendered":"<div data-elementor-type=\"wp-page\" data-elementor-id=\"10670\" class=\"elementor elementor-10670\" data-elementor-settings=\"{&quot;ha_cmc_init_switcher&quot;:&quot;no&quot;}\">\n\t\t\t\t\t\t<section class=\"elementor-section elementor-top-section elementor-element elementor-element-79f5a65 elementor-section-content-middle elementor-hidden-tablet elementor-hidden-mobile elementor-section-boxed elementor-section-height-default elementor-section-height-default wpr-particle-no wpr-jarallax-no wpr-parallax-no wpr-sticky-section-no\" data-id=\"79f5a65\" data-element_type=\"section\" data-settings=\"{&quot;background_background&quot;:&quot;classic&quot;,&quot;_ha_eqh_enable&quot;:false}\">\n\t\t\t\t\t\t<div class=\"elementor-container elementor-column-gap-default\">\n\t\t\t\t\t<div class=\"elementor-column elementor-col-100 elementor-top-column elementor-element elementor-element-0ff23de\" data-id=\"0ff23de\" data-element_type=\"column\">\n\t\t\t<div class=\"elementor-widget-wrap elementor-element-populated\">\n\t\t\t\t\t\t<div class=\"elementor-element elementor-element-dba630e hideMe elementor-widget elementor-widget-html\" data-id=\"dba630e\" data-element_type=\"widget\" data-widget_type=\"html.default\">\n\t\t\t\t<div class=\"elementor-widget-container\">\n\t\t\t\t\t<style type=\"text\/css\">\n<!--\n.tabs-bouton #tourprive {\n    background: #4c74e6;\n}\n-->\n<\/style>\n\t\t\t\t<\/div>\n\t\t\t\t<\/div>\n\t\t\t\t<div class=\"elementor-element elementor-element-ebb997a elementor-invisible elementor-widget elementor-widget-crust-badge\" data-id=\"ebb997a\" data-element_type=\"widget\" data-settings=\"{&quot;_animation&quot;:&quot;fadeInUp&quot;}\" data-widget_type=\"crust-badge.default\">\n\t\t\t\t<div class=\"elementor-widget-container\">\n\t\t\t\t\t<span class=\"badge-line\"><\/span><span class=\"crust-badge  crust-badge-minimal\"><p>Our boats<\/p><\/span><span class=\"badge-right-line\"><\/span>\t\t\t\t<\/div>\n\t\t\t\t<\/div>\n\t\t\t\t\t<\/div>\n\t\t<\/div>\n\t\t\t\t\t<\/div>\n\t\t<\/section>\n\t\t\t\t<section class=\"elementor-section elementor-top-section elementor-element elementor-element-2b54962 bateauDesc elementor-section-boxed elementor-section-height-default elementor-section-height-default wpr-particle-no wpr-jarallax-no wpr-parallax-no wpr-sticky-section-no\" data-id=\"2b54962\" data-element_type=\"section\" id=\"sect_1-EN\" data-settings=\"{&quot;_ha_eqh_enable&quot;:false}\" data-no-translation=\"\">\n\t\t\t\t\t\t<div class=\"elementor-container elementor-column-gap-default\">\n\t\t\t\t\t<div class=\"elementor-column elementor-col-33 elementor-top-column elementor-element elementor-element-c4a9225\" data-id=\"c4a9225\" data-element_type=\"column\">\n\t\t\t<div class=\"elementor-widget-wrap elementor-element-populated\">\n\t\t\t\t\t\t<div class=\"elementor-element elementor-element-052e47d elementor-invisible elementor-widget elementor-widget-crust-heading\" data-id=\"052e47d\" data-element_type=\"widget\" data-settings=\"{&quot;_animation&quot;:&quot;fadeInUp&quot;,&quot;_animation_delay&quot;:200}\" data-widget_type=\"crust-heading.default\">\n\t\t\t\t<div class=\"elementor-widget-container\">\n\t\t\t\t\t<h3 class=\"crust-heading\"><p>Quicksilver 635 Commander WA<\/p><\/h3>\t\t\t\t<\/div>\n\t\t\t\t<\/div>\n\t\t\t\t<div class=\"elementor-element elementor-element-7af1337 elementor-widget elementor-widget-heading\" data-id=\"7af1337\" data-element_type=\"widget\" data-widget_type=\"heading.default\">\n\t\t\t\t<div class=\"elementor-widget-container\">\n\t\t\t\t\t<h4 class=\"elementor-heading-title elementor-size-default\">A fully equipped open: Fishing \/ Walking \/ Day cruiser<\/h4>\t\t\t\t<\/div>\n\t\t\t\t<\/div>\n\t\t\t\t<div class=\"elementor-element elementor-element-8108cbf noMargin elementor-widget elementor-widget-text-editor\" data-id=\"8108cbf\" data-element_type=\"widget\" data-widget_type=\"text-editor.default\">\n\t\t\t\t<div class=\"elementor-widget-container\">\n\t\t\t\t\t\t\t\t\t<p>Its lines are in fact original with its marked deck sheer and its balcony with convoluted shapes. Its deck plan, although classic, benefits from a freeboard height of 78 centimeters constant from front to back, which makes it a very reassuring unit and perfectly suited to family use.\u00a0<\/p>\t\t\t\t\t\t\t\t<\/div>\n\t\t\t\t<\/div>\n\t\t\t\t<section class=\"elementor-section elementor-inner-section elementor-element elementor-element-5a287f4 elementor-section-boxed elementor-section-height-default elementor-section-height-default wpr-particle-no wpr-jarallax-no wpr-parallax-no wpr-sticky-section-no\" data-id=\"5a287f4\" data-element_type=\"section\" data-settings=\"{&quot;_ha_eqh_enable&quot;:false}\">\n\t\t\t\t\t\t<div class=\"elementor-container elementor-column-gap-default\">\n\t\t\t\t\t<div class=\"elementor-column elementor-col-50 elementor-inner-column elementor-element elementor-element-f3efe25\" data-id=\"f3efe25\" data-element_type=\"column\">\n\t\t\t<div class=\"elementor-widget-wrap elementor-element-populated\">\n\t\t\t\t\t\t<div class=\"elementor-element elementor-element-1adc29d elementor-widget elementor-widget-text-editor\" data-id=\"1adc29d\" data-element_type=\"widget\" data-widget_type=\"text-editor.default\">\n\t\t\t\t<div class=\"elementor-widget-container\">\n\t\t\t\t\t\t\t\t\t<p>Lg HT (m): <strong>6.35<\/strong><br \/>Length excluding tax (ft): <strong>20.83<\/strong><br \/>Width (m): <strong>2.55<\/strong><br \/>Draft (m): <strong>0.40<\/strong><br \/>Nationality: <strong>USA<\/strong><br \/>High rung: <strong>2.25<\/strong><br \/>Displacement (T): <strong>0.93<\/strong><br \/>Fuel capacity (l): <strong>135.00\u00a0<\/strong><\/p>\t\t\t\t\t\t\t\t<\/div>\n\t\t\t\t<\/div>\n\t\t\t\t\t<\/div>\n\t\t<\/div>\n\t\t\t\t<div class=\"elementor-column elementor-col-50 elementor-inner-column elementor-element elementor-element-14a8f15\" data-id=\"14a8f15\" data-element_type=\"column\">\n\t\t\t<div class=\"elementor-widget-wrap elementor-element-populated\">\n\t\t\t\t\t\t<div class=\"elementor-element elementor-element-3dd4ae6 elementor-widget elementor-widget-text-editor\" data-id=\"3dd4ae6\" data-element_type=\"widget\" data-widget_type=\"text-editor.default\">\n\t\t\t\t<div class=\"elementor-widget-container\">\n\t\t\t\t\t\t\t\t\t<p>Standard engine: <strong>175 HP Mercury OPTIMAX<\/strong><br \/>Max speed (kn): <strong>35.00<\/strong><br \/>Cruising speed (kn): <strong>28.00<\/strong><br \/>Certification: <strong>C<\/strong><br \/>Maximum capacity of people: <strong>6\u00a0<\/strong><\/p>\t\t\t\t\t\t\t\t<\/div>\n\t\t\t\t<\/div>\n\t\t\t\t\t<\/div>\n\t\t<\/div>\n\t\t\t\t\t<\/div>\n\t\t<\/section>\n\t\t\t\t\t<\/div>\n\t\t<\/div>\n\t\t\t\t<div class=\"elementor-column elementor-col-66 elementor-top-column elementor-element elementor-element-ad36230\" data-id=\"ad36230\" data-element_type=\"column\">\n\t\t\t<div class=\"elementor-widget-wrap elementor-element-populated\">\n\t\t\t\t\t\t<div class=\"elementor-element elementor-element-2cd6d57 elementor-widget elementor-widget-image\" data-id=\"2cd6d57\" data-element_type=\"widget\" data-widget_type=\"image.default\">\n\t\t\t\t<div class=\"elementor-widget-container\">\n\t\t\t\t\t\t\t\t\t\t\t\t\t\t\t<img fetchpriority=\"high\" decoding=\"async\" width=\"800\" height=\"600\" src=\"https:\/\/tahitidreamtours.com\/wp-content\/uploads\/2024\/06\/IMG_3149.jpg\" class=\"attachment-large size-large wp-image-10672\" alt=\"\" srcset=\"https:\/\/tahitidreamtours.com\/wp-content\/uploads\/2024\/06\/IMG_3149.jpg 800w, https:\/\/tahitidreamtours.com\/wp-content\/uploads\/2024\/06\/IMG_3149-300x225.jpg 300w, https:\/\/tahitidreamtours.com\/wp-content\/uploads\/2024\/06\/IMG_3149-768x576.jpg 768w\" sizes=\"(max-width: 800px) 100vw, 800px\" \/>\t\t\t\t\t\t\t\t\t\t\t\t\t\t\t<\/div>\n\t\t\t\t<\/div>\n\t\t\t\t\t<\/div>\n\t\t<\/div>\n\t\t\t\t\t<\/div>\n\t\t<\/section>\n\t\t\t\t<section class=\"elementor-section elementor-top-section elementor-element elementor-element-631b378 bateauDesc elementor-section-boxed elementor-section-height-default elementor-section-height-default wpr-particle-no wpr-jarallax-no wpr-parallax-no wpr-sticky-section-no\" data-id=\"631b378\" data-element_type=\"section\" id=\"sect_2-FR\" data-settings=\"{&quot;_ha_eqh_enable&quot;:false}\" data-no-translation=\"\">\n\t\t\t\t\t\t<div class=\"elementor-container elementor-column-gap-default\">\n\t\t\t\t\t<div class=\"elementor-column elementor-col-66 elementor-top-column elementor-element elementor-element-276c4eb\" data-id=\"276c4eb\" data-element_type=\"column\">\n\t\t\t<div class=\"elementor-widget-wrap elementor-element-populated\">\n\t\t\t\t\t\t<div class=\"elementor-element elementor-element-9839dcd elementor-widget elementor-widget-image\" data-id=\"9839dcd\" data-element_type=\"widget\" data-widget_type=\"image.default\">\n\t\t\t\t<div class=\"elementor-widget-container\">\n\t\t\t\t\t\t\t\t\t\t\t\t\t\t\t<img decoding=\"async\" width=\"800\" height=\"600\" src=\"https:\/\/tahitidreamtours.com\/wp-content\/uploads\/2024\/06\/IMG_5452.jpg\" class=\"attachment-large size-large wp-image-10677\" alt=\"\" srcset=\"https:\/\/tahitidreamtours.com\/wp-content\/uploads\/2024\/06\/IMG_5452.jpg 800w, https:\/\/tahitidreamtours.com\/wp-content\/uploads\/2024\/06\/IMG_5452-300x225.jpg 300w, https:\/\/tahitidreamtours.com\/wp-content\/uploads\/2024\/06\/IMG_5452-768x576.jpg 768w\" sizes=\"(max-width: 800px) 100vw, 800px\" \/>\t\t\t\t\t\t\t\t\t\t\t\t\t\t\t<\/div>\n\t\t\t\t<\/div>\n\t\t\t\t\t<\/div>\n\t\t<\/div>\n\t\t\t\t<div class=\"elementor-column elementor-col-33 elementor-top-column elementor-element elementor-element-bd03a57\" data-id=\"bd03a57\" data-element_type=\"column\">\n\t\t\t<div class=\"elementor-widget-wrap elementor-element-populated\">\n\t\t\t\t\t\t<div class=\"elementor-element elementor-element-ac4d96e elementor-invisible elementor-widget elementor-widget-crust-heading\" data-id=\"ac4d96e\" data-element_type=\"widget\" data-settings=\"{&quot;_animation&quot;:&quot;fadeInUp&quot;,&quot;_animation_delay&quot;:200}\" data-widget_type=\"crust-heading.default\">\n\t\t\t\t<div class=\"elementor-widget-container\">\n\t\t\t\t\t<h3 class=\"crust-heading\"><p>CAP CAMARAT 7.5 WA series 2<\/p><\/h3>\t\t\t\t<\/div>\n\t\t\t\t<\/div>\n\t\t\t\t<div class=\"elementor-element elementor-element-f87363d elementor-widget elementor-widget-heading\" data-id=\"f87363d\" data-element_type=\"widget\" data-widget_type=\"heading.default\">\n\t\t\t\t<div class=\"elementor-widget-container\">\n\t\t\t\t\t<h4 class=\"elementor-heading-title elementor-size-default\">An ideal Sundeck for a cruise<\/h4>\t\t\t\t<\/div>\n\t\t\t\t<\/div>\n\t\t\t\t<div class=\"elementor-element elementor-element-e9d9c57 noMargin elementor-widget elementor-widget-text-editor\" data-id=\"e9d9c57\" data-element_type=\"widget\" data-widget_type=\"text-editor.default\">\n\t\t\t\t<div class=\"elementor-widget-container\">\n\t\t\t\t\t\t\t\t\t<p>With its beautiful cabin equipped with a separate toilet compartment, its modular cockpit and its very good hull, the Cap Camarat 7.5 WA is perfectly suited to a short cruise program.\u00a0<\/p>\t\t\t\t\t\t\t\t<\/div>\n\t\t\t\t<\/div>\n\t\t\t\t<section class=\"elementor-section elementor-inner-section elementor-element elementor-element-e19805e elementor-section-boxed elementor-section-height-default elementor-section-height-default wpr-particle-no wpr-jarallax-no wpr-parallax-no wpr-sticky-section-no\" data-id=\"e19805e\" data-element_type=\"section\" data-settings=\"{&quot;_ha_eqh_enable&quot;:false}\">\n\t\t\t\t\t\t<div class=\"elementor-container elementor-column-gap-default\">\n\t\t\t\t\t<div class=\"elementor-column elementor-col-50 elementor-inner-column elementor-element elementor-element-977a953\" data-id=\"977a953\" data-element_type=\"column\">\n\t\t\t<div class=\"elementor-widget-wrap elementor-element-populated\">\n\t\t\t\t\t\t<div class=\"elementor-element elementor-element-be8fa19 elementor-widget elementor-widget-text-editor\" data-id=\"be8fa19\" data-element_type=\"widget\" data-widget_type=\"text-editor.default\">\n\t\t\t\t<div class=\"elementor-widget-container\">\n\t\t\t\t\t\t\t\t\t<p>Lg HT (m): <strong>7.19<\/strong><br \/>Length HT (ft): <strong>22<\/strong><br \/>Width (m):<strong> 2.52<\/strong><br \/>Draft (m): <strong>0.49<\/strong><br \/>Nationality: <strong>FR<\/strong><br \/>Fuel capacity (l): <strong>280.00<\/strong><br \/>Standard engine: <strong>300 HP Mercury VERADO 4T<\/strong>\u00a0<\/p>\t\t\t\t\t\t\t\t<\/div>\n\t\t\t\t<\/div>\n\t\t\t\t\t<\/div>\n\t\t<\/div>\n\t\t\t\t<div class=\"elementor-column elementor-col-50 elementor-inner-column elementor-element elementor-element-ad56d10\" data-id=\"ad56d10\" data-element_type=\"column\">\n\t\t\t<div class=\"elementor-widget-wrap elementor-element-populated\">\n\t\t\t\t\t\t<div class=\"elementor-element elementor-element-d6a7cf8 elementor-widget elementor-widget-text-editor\" data-id=\"d6a7cf8\" data-element_type=\"widget\" data-widget_type=\"text-editor.default\">\n\t\t\t\t<div class=\"elementor-widget-container\">\n\t\t\t\t\t\t\t\t\t<p>Max speed (kn): <strong>40.00<\/strong><br \/>Cruising speed (kn): <strong>28.00<\/strong><br \/>Certification: <strong>B-C<\/strong><br \/>Maximum capacity of people: <strong>8<\/strong><\/p>\t\t\t\t\t\t\t\t<\/div>\n\t\t\t\t<\/div>\n\t\t\t\t\t<\/div>\n\t\t<\/div>\n\t\t\t\t\t<\/div>\n\t\t<\/section>\n\t\t\t\t\t<\/div>\n\t\t<\/div>\n\t\t\t\t\t<\/div>\n\t\t<\/section>\n\t\t\t\t<section class=\"elementor-section elementor-top-section elementor-element elementor-element-f38d4dc elementor-section-boxed elementor-section-height-default elementor-section-height-default wpr-particle-no wpr-jarallax-no wpr-parallax-no wpr-sticky-section-no\" data-id=\"f38d4dc\" data-element_type=\"section\" id=\"galerie\" data-settings=\"{&quot;_ha_eqh_enable&quot;:false}\">\n\t\t\t\t\t\t<div class=\"elementor-container elementor-column-gap-default\">\n\t\t\t\t\t<div class=\"elementor-column elementor-col-100 elementor-top-column elementor-element elementor-element-712c9fa\" data-id=\"712c9fa\" data-element_type=\"column\">\n\t\t\t<div class=\"elementor-widget-wrap elementor-element-populated\">\n\t\t\t\t\t\t<div class=\"elementor-element elementor-element-fa34b78 elementor-invisible elementor-widget elementor-widget-crust-heading\" data-id=\"fa34b78\" data-element_type=\"widget\" data-settings=\"{&quot;_animation&quot;:&quot;fadeInUp&quot;,&quot;_animation_delay&quot;:200}\" data-widget_type=\"crust-heading.default\">\n\t\t\t\t<div class=\"elementor-widget-container\">\n\t\t\t\t\t<h3 class=\"crust-heading\"><p>Photo gallery<\/p><\/h3>\t\t\t\t<\/div>\n\t\t\t\t<\/div>\n\t\t\t\t<div class=\"elementor-element elementor-element-94ef0a3 elementor-widget elementor-widget-shortcode\" data-id=\"94ef0a3\" data-element_type=\"widget\" data-widget_type=\"shortcode.default\">\n\t\t\t\t<div class=\"elementor-widget-container\">\n\t\t\t\t\t\t\t<div class=\"elementor-shortcode\">ngg_shortcode_0_placeholder<\/div>\n\t\t\t\t\t\t<\/div>\n\t\t\t\t<\/div>\n\t\t\t\t\t<\/div>\n\t\t<\/div>\n\t\t\t\t\t<\/div>\n\t\t<\/section>\n\t\t\t\t<\/div>","protected":false},"excerpt":{"rendered":"<p>Nos bateaux Quicksilver 635 Commander WA Un open tout \u00e9quip\u00e9 : P\u00eache \/ Promenade \/ Day cruiser Ses lignes sont en effet originales avec sa tonture de pont marqu\u00e9e et son balcon aux formes alambiqu\u00e9es. Son plan de pont, bien que classique, b\u00e9n\u00e9ficie d\u2019une hauteur de franc-bord de 78 centim\u00e8tres constante de l\u2019avant \u00e0 l\u2019arri\u00e8re, ce qui en fait une unit\u00e9 tr\u00e8s rassurante et parfaitement adapt\u00e9e \u00e0 une utilisation familiale. Lg HT (m) : 6.35Lg HT (ft) : 20.83Largeur (m) : 2.55Tirant d&rsquo;eau (m) : 0.40Nationalit\u00e9 : USAHaut barreau : 2.25D\u00e9placement (T) : 0.93Capacit\u00e9 carburant (l) : 135.00Motorisation standard : 175 HP Mercury OPTIMAXVitesse max (kn) : 35.00Vitesse de croisi\u00e8re (kn) : 28.00Certification : CCapacit\u00e9 maximale de personnes : 6 Quicksilver 635 Commander WA A fully equipped open: Fishing \/ Walking \/ Day cruiser Its lines are in fact original with its marked deck sheer and its balcony with convoluted shapes. Its deck plan, although classic, benefits from a freeboard height of 78 centimeters constant from front to back, which makes it a very reassuring unit and perfectly suited to family use.\u00a0 Lg HT (m): 6.35Length excluding tax (ft): 20.83Width (m): 2.55Draft (m): 0.40Nationality: USAHigh rung: 2.25Displacement (T): 0.93Fuel capacity (l): 135.00\u00a0 Standard engine: 175 HP Mercury OPTIMAXMax speed (kn): 35.00Cruising speed (kn): 28.00Certification: CMaximum capacity of people: 6\u00a0 CAP CAMARAT 7.5 WA s\u00e9rie 2\u00a0 Un Sundeck id\u00e9al pour r\u00e9aliser une croisi\u00e8re Avec sa belle cabine \u00e9quip\u00e9e d\u2019un compartiment toilette s\u00e9par\u00e9, son cockpit modulable et sa tr\u00e8s bonne car\u00e8ne, le Cap Camarat 7.5 WA est parfaitement adapt\u00e9 \u00e0 un programme de petite croisi\u00e8re. \u00a0 Lg HT (m) : 7,19Lg HT (ft) : 22Largeur (m) : 2.52Tirant d&rsquo;eau (m) : 0.49Nationalit\u00e9 : FRCapacit\u00e9 carburant (l) : 280.00Motorisation standard : 300 CV Mercury VERADO 4T Vitesse max (kn) : 40.00Vitesse de croisi\u00e8re (kn) : 28.00Certification : B-CCapacit\u00e9 maximale de personnes : 8 CAP CAMARAT 7.5 WA series 2 An ideal Sundeck for a cruise With its beautiful cabin equipped with a separate toilet compartment, its modular cockpit and its very good hull, the Cap Camarat 7.5 WA is perfectly suited to a short cruise program.\u00a0 Lg HT (m): 7.19Length HT (ft): 22Width (m): 2.52Draft (m): 0.49Nationality: FRFuel capacity (l): 280.00Standard engine: 300 HP Mercury VERADO 4T\u00a0 Max speed (kn): 40.00Cruising speed (kn): 28.00Certification: B-CMaximum capacity of people: 8 Galerie photos<\/p>","protected":false},"author":1,"featured_media":0,"parent":0,"menu_order":0,"comment_status":"closed","ping_status":"closed","template":"","meta":{"ngg_post_thumbnail":0,"footnotes":""},"class_list":["post-10670","page","type-page","status-publish","hentry"],"yoast_head":"<!-- This site is optimized with the Yoast SEO Premium plugin v15.0 - https:\/\/yoast.com\/wordpress\/plugins\/seo\/ -->\n<title>Nos bateaux - Tahiti Dream Tours<\/title>\n<meta name=\"robots\" content=\"index, follow, max-snippet:-1, max-image-preview:large, max-video-preview:-1\" \/>\n<link rel=\"canonical\" href=\"https:\/\/tahitidreamtours.com\/en\/bateaux\/\" \/>\n<meta property=\"og:locale\" content=\"en_US\" \/>\n<meta property=\"og:type\" content=\"article\" \/>\n<meta property=\"og:title\" content=\"Nos bateaux - Tahiti Dream Tours\" \/>\n<meta property=\"og:description\" content=\"Nos bateaux Quicksilver 635 Commander WA Un open tout \u00e9quip\u00e9 : P\u00eache \/ Promenade \/ Day cruiser Ses lignes sont en effet originales avec sa tonture de pont marqu\u00e9e et son balcon aux formes alambiqu\u00e9es. Son plan de pont, bien que classique, b\u00e9n\u00e9ficie d\u2019une hauteur de franc-bord de 78 centim\u00e8tres constante de l\u2019avant \u00e0 l\u2019arri\u00e8re, ce qui en fait une unit\u00e9 tr\u00e8s rassurante et parfaitement adapt\u00e9e \u00e0 une utilisation familiale. Lg HT (m) : 6.35Lg HT (ft) : 20.83Largeur (m) : 2.55Tirant d&rsquo;eau (m) : 0.40Nationalit\u00e9 : USAHaut barreau : 2.25D\u00e9placement (T) : 0.93Capacit\u00e9 carburant (l) : 135.00Motorisation standard : 175 HP Mercury OPTIMAXVitesse max (kn) : 35.00Vitesse de croisi\u00e8re (kn) : 28.00Certification : CCapacit\u00e9 maximale de personnes : 6 Quicksilver 635 Commander WA A fully equipped open: Fishing \/ Walking \/ Day cruiser Its lines are in fact original with its marked deck sheer and its balcony with convoluted shapes. Its deck plan, although classic, benefits from a freeboard height of 78 centimeters constant from front to back, which makes it a very reassuring unit and perfectly suited to family use.\u00a0 Lg HT (m): 6.35Length excluding tax (ft): 20.83Width (m): 2.55Draft (m): 0.40Nationality: USAHigh rung: 2.25Displacement (T): 0.93Fuel capacity (l): 135.00\u00a0 Standard engine: 175 HP Mercury OPTIMAXMax speed (kn): 35.00Cruising speed (kn): 28.00Certification: CMaximum capacity of people: 6\u00a0 CAP CAMARAT 7.5 WA s\u00e9rie 2\u00a0 Un Sundeck id\u00e9al pour r\u00e9aliser une croisi\u00e8re Avec sa belle cabine \u00e9quip\u00e9e d\u2019un compartiment toilette s\u00e9par\u00e9, son cockpit modulable et sa tr\u00e8s bonne car\u00e8ne, le Cap Camarat 7.5 WA est parfaitement adapt\u00e9 \u00e0 un programme de petite croisi\u00e8re. \u00a0 Lg HT (m) : 7,19Lg HT (ft) : 22Largeur (m) : 2.52Tirant d&rsquo;eau (m) : 0.49Nationalit\u00e9 : FRCapacit\u00e9 carburant (l) : 280.00Motorisation standard : 300 CV Mercury VERADO 4T Vitesse max (kn) : 40.00Vitesse de croisi\u00e8re (kn) : 28.00Certification : B-CCapacit\u00e9 maximale de personnes : 8 CAP CAMARAT 7.5 WA series 2 An ideal Sundeck for a cruise With its beautiful cabin equipped with a separate toilet compartment, its modular cockpit and its very good hull, the Cap Camarat 7.5 WA is perfectly suited to a short cruise program.\u00a0 Lg HT (m): 7.19Length HT (ft): 22Width (m): 2.52Draft (m): 0.49Nationality: FRFuel capacity (l): 280.00Standard engine: 300 HP Mercury VERADO 4T\u00a0 Max speed (kn): 40.00Cruising speed (kn): 28.00Certification: B-CMaximum capacity of people: 8 Galerie photos\" \/>\n<meta property=\"og:url\" content=\"https:\/\/tahitidreamtours.com\/en\/bateaux\/\" \/>\n<meta property=\"og:site_name\" content=\"Tahiti Dream Tours\" \/>\n<meta property=\"article:publisher\" content=\"https:\/\/www.facebook.com\/Tahiti-DREAM-TOURS-162369734331289\/\" \/>\n<meta property=\"article:modified_time\" content=\"2024-07-31T01:23:32+00:00\" \/>\n<meta property=\"og:image\" content=\"https:\/\/tahitidreamtours.com\/wp-content\/uploads\/2024\/06\/IMG_3149.jpg\" \/>\n<meta name=\"twitter:card\" content=\"summary_large_image\" \/>\n<script type=\"application\/ld+json\" class=\"yoast-schema-graph\">{\"@context\":\"https:\/\/schema.org\",\"@graph\":[{\"@type\":\"Organization\",\"@id\":\"https:\/\/tahitidreamtours.com\/en\/#organization\",\"name\":\"Tahiti Dream Tours\",\"url\":\"https:\/\/tahitidreamtours.com\/en\/\",\"sameAs\":[\"https:\/\/www.facebook.com\/Tahiti-DREAM-TOURS-162369734331289\/\"],\"logo\":{\"@type\":\"ImageObject\",\"@id\":\"https:\/\/tahitidreamtours.com\/en\/#logo\",\"inLanguage\":\"en-US\",\"url\":\"https:\/\/tahitidreamtours.com\/wp-content\/uploads\/2024\/08\/logo-570.png\",\"width\":570,\"height\":570,\"caption\":\"Tahiti Dream Tours\"},\"image\":{\"@id\":\"https:\/\/tahitidreamtours.com\/en\/#logo\"}},{\"@type\":\"WebSite\",\"@id\":\"https:\/\/tahitidreamtours.com\/en\/#website\",\"url\":\"https:\/\/tahitidreamtours.com\/en\/\",\"name\":\"Tahiti Dream Tours\",\"description\":\"Observation des dauphins &amp; baleines \\u00e0 Tahiti - Tours priv\\u00e9s avec guide agr\\u00e9\\u00e9\",\"publisher\":{\"@id\":\"https:\/\/tahitidreamtours.com\/en\/#organization\"},\"potentialAction\":[{\"@type\":\"SearchAction\",\"target\":\"https:\/\/tahitidreamtours.com\/en\/?s={search_term_string}\",\"query-input\":\"required name=search_term_string\"}],\"inLanguage\":\"en-US\"},{\"@type\":\"ImageObject\",\"@id\":\"https:\/\/tahitidreamtours.com\/bateaux\/#primaryimage\",\"inLanguage\":\"en-US\",\"url\":\"https:\/\/tahitidreamtours.com\/wp-content\/uploads\/2024\/06\/IMG_3149.jpg\",\"width\":800,\"height\":600},{\"@type\":\"WebPage\",\"@id\":\"https:\/\/tahitidreamtours.com\/bateaux\/#webpage\",\"url\":\"https:\/\/tahitidreamtours.com\/bateaux\/\",\"name\":\"Nos bateaux - Tahiti Dream Tours\",\"isPartOf\":{\"@id\":\"https:\/\/tahitidreamtours.com\/en\/#website\"},\"primaryImageOfPage\":{\"@id\":\"https:\/\/tahitidreamtours.com\/bateaux\/#primaryimage\"},\"datePublished\":\"2024-06-04T20:26:05+00:00\",\"dateModified\":\"2024-07-31T01:23:32+00:00\",\"breadcrumb\":{\"@id\":\"https:\/\/tahitidreamtours.com\/bateaux\/#breadcrumb\"},\"inLanguage\":\"en-US\",\"potentialAction\":[{\"@type\":\"ReadAction\",\"target\":[\"https:\/\/tahitidreamtours.com\/bateaux\/\"]}]},{\"@type\":\"BreadcrumbList\",\"@id\":\"https:\/\/tahitidreamtours.com\/bateaux\/#breadcrumb\",\"itemListElement\":[{\"@type\":\"ListItem\",\"position\":1,\"item\":{\"@type\":\"WebPage\",\"@id\":\"https:\/\/tahitidreamtours.com\/\",\"url\":\"https:\/\/tahitidreamtours.com\/\",\"name\":\"Accueil\"}},{\"@type\":\"ListItem\",\"position\":2,\"item\":{\"@type\":\"WebPage\",\"@id\":\"https:\/\/tahitidreamtours.com\/bateaux\/\",\"url\":\"https:\/\/tahitidreamtours.com\/bateaux\/\",\"name\":\"Nos bateaux\"}}]}]}<\/script>\n<!-- \/ Yoast SEO Premium plugin. -->","_links":{"self":[{"href":"https:\/\/tahitidreamtours.com\/en\/wp-json\/wp\/v2\/pages\/10670","targetHints":{"allow":["GET"]}}],"collection":[{"href":"https:\/\/tahitidreamtours.com\/en\/wp-json\/wp\/v2\/pages"}],"about":[{"href":"https:\/\/tahitidreamtours.com\/en\/wp-json\/wp\/v2\/types\/page"}],"author":[{"embeddable":true,"href":"https:\/\/tahitidreamtours.com\/en\/wp-json\/wp\/v2\/users\/1"}],"replies":[{"embeddable":true,"href":"https:\/\/tahitidreamtours.com\/en\/wp-json\/wp\/v2\/comments?post=10670"}],"version-history":[{"count":0,"href":"https:\/\/tahitidreamtours.com\/en\/wp-json\/wp\/v2\/pages\/10670\/revisions"}],"wp:attachment":[{"href":"https:\/\/tahitidreamtours.com\/en\/wp-json\/wp\/v2\/media?parent=10670"}],"curies":[{"name":"wp","href":"https:\/\/api.w.org\/{rel}","templated":true}]}}