{"id":17,"date":"2023-11-30T15:02:49","date_gmt":"2023-12-01T01:02:49","guid":{"rendered":"https:\/\/dev.tahitidreamtours.com\/?page_id=17"},"modified":"2024-07-03T13:03:22","modified_gmt":"2024-07-03T23:03:22","slug":"contact","status":"publish","type":"page","link":"https:\/\/tahitidreamtours.com\/en\/contact\/","title":{"rendered":"Contact us"},"content":{"rendered":"<div data-elementor-type=\"wp-post\" data-elementor-id=\"17\" class=\"elementor elementor-17\" data-elementor-settings=\"{&quot;ha_cmc_init_switcher&quot;:&quot;no&quot;}\">\n\t\t\t\t\t\t<section class=\"elementor-section elementor-top-section elementor-element elementor-element-cf092df elementor-section-full_width contact-sect elementor-section-height-default elementor-section-height-default wpr-particle-no wpr-jarallax-no wpr-parallax-no wpr-sticky-section-no\" data-id=\"cf092df\" data-element_type=\"section\" data-settings=\"{&quot;_ha_eqh_enable&quot;:false}\">\n\t\t\t\t\t\t<div class=\"elementor-container elementor-column-gap-default\">\n\t\t\t\t\t<div class=\"elementor-column elementor-col-66 elementor-top-column elementor-element elementor-element-4b91c8d\" data-id=\"4b91c8d\" data-element_type=\"column\">\n\t\t\t<div class=\"elementor-widget-wrap elementor-element-populated\">\n\t\t\t\t\t\t<div class=\"elementor-element elementor-element-fc50943 elementor-widget elementor-widget-google_maps\" data-id=\"fc50943\" data-element_type=\"widget\" data-widget_type=\"google_maps.default\">\n\t\t\t\t<div class=\"elementor-widget-container\">\n\t\t\t\t\t\t\t<div class=\"elementor-custom-embed\">\n\t\t\t<iframe loading=\"lazy\"\n\t\t\t\t\tsrc=\"https:\/\/maps.google.com\/maps?q=Tahiti%20Dream%20Tours&#038;t=m&#038;z=12&#038;output=embed&#038;iwloc=near\"\n\t\t\t\t\ttitle=\"Tahiti Dream Tours\"\n\t\t\t\t\taria-label=\"Tahiti Dream Tours\"\n\t\t\t><\/iframe>\n\t\t<\/div>\n\t\t\t\t\t\t<\/div>\n\t\t\t\t<\/div>\n\t\t\t\t\t<\/div>\n\t\t<\/div>\n\t\t\t\t<div class=\"elementor-column elementor-col-33 elementor-top-column elementor-element elementor-element-9e2a049\" data-id=\"9e2a049\" data-element_type=\"column\">\n\t\t\t<div class=\"elementor-widget-wrap elementor-element-populated\">\n\t\t\t\t\t\t<div class=\"elementor-element elementor-element-e65c379 content-align-cta-default elementor-widget elementor-widget-eael-cta-box\" data-id=\"e65c379\" data-element_type=\"widget\" data-widget_type=\"eael-cta-box.default\">\n\t\t\t\t<div class=\"elementor-widget-container\">\n\t\t\t\t\t\t\t<div class=\"eael-call-to-action cta-basic bg-lite cta-preset-1\">\n        <h2 class=\"title eael-cta-heading\">Contact us<\/h2><p>For any request for information or suitable quote.<\/p><a href=\"tel:+68987729393\" class=\"cta-button cta-preset-1\">Call (+689) 87 72 93 93<\/a>\t<\/div>\n\t\t\t\t\t\t\t\t<\/div>\n\t\t\t\t<\/div>\n\t\t\t\t<div class=\"elementor-element elementor-element-faaea5d ha-infobox-media-dir-left elementor-widget elementor-widget-ha-infobox happy-addon ha-infobox\" data-id=\"faaea5d\" data-element_type=\"widget\" data-widget_type=\"ha-infobox.default\">\n\t\t\t\t<div class=\"elementor-widget-container\">\n\t\t\t\t\t\n\t\t\t\t\t<figure class=\"ha-infobox-figure ha-infobox-figure--icon\">\n\t\t\t\t<svg class=\"e-font-icon-svg e-fas-map-marker-alt\" viewbox=\"0 0 384 512\" xmlns=\"http:\/\/www.w3.org\/2000\/svg\"><path d=\"M172.268 501.67C26.97 291.031 0 269.413 0 192 0 85.961 85.961 0 192 0s192 85.961 192 192c0 77.413-26.97 99.031-172.268 309.67-9.535 13.774-29.93 13.773-39.464 0zM192 272c44.183 0 80-35.817 80-80s-35.817-80-80-80-80 35.817-80 80 35.817 80 80 80z\"><\/path><\/svg>\t\t\t<\/figure>\n\t\t\n\t\t<div class=\"ha-infobox-body\">\n\t\t\t<h2 class=\"ha-infobox-title\">Punaauia, Marina Taina<\/h2>\n\t\t\t\t\t\t\t<div class=\"ha-infobox-text\">\n\t\t\t\t\t<p>Tahiti - Polyn\u00e9sie fran\u00e7aise<\/p>\n\t\t\t\t<\/div>\n\t\t\t\n\t\t\t\t\t<\/div>\n\t\t\t\t\t\t<\/div>\n\t\t\t\t<\/div>\n\t\t\t\t<div class=\"elementor-element elementor-element-b8cc3df elementor-align-center elementor-widget elementor-widget-button\" data-id=\"b8cc3df\" data-element_type=\"widget\" data-widget_type=\"button.default\">\n\t\t\t\t<div class=\"elementor-widget-container\">\n\t\t\t\t\t\t\t\t\t<div class=\"elementor-button-wrapper\">\n\t\t\t\t\t<a class=\"elementor-button elementor-button-link elementor-size-sm\" href=\"https:\/\/tahitidreamtours.com\/en\/reserver\/\">\n\t\t\t\t\t\t<span class=\"elementor-button-content-wrapper\">\n\t\t\t\t\t\t\t\t\t<span class=\"elementor-button-text\">Book now<\/span>\n\t\t\t\t\t<\/span>\n\t\t\t\t\t<\/a>\n\t\t\t\t<\/div>\n\t\t\t\t\t\t\t\t<\/div>\n\t\t\t\t<\/div>\n\t\t\t\t\t<\/div>\n\t\t<\/div>\n\t\t\t\t\t<\/div>\n\t\t<\/section>\n\t\t\t\t<\/div>","protected":false},"excerpt":{"rendered":"<p>Contactez-nous Pour toute demande de renseignement ou devis adapt\u00e9. Appeler le (+689) 87 72 93 93 Punaauia, Marina Taina Tahiti &#8211; Polyn\u00e9sie fran\u00e7aise R\u00e9server<\/p>","protected":false},"author":1,"featured_media":0,"parent":0,"menu_order":0,"comment_status":"closed","ping_status":"closed","template":"","meta":{"ngg_post_thumbnail":0,"footnotes":""},"class_list":["post-17","page","type-page","status-publish","hentry"],"yoast_head":"<!-- This site is optimized with the Yoast SEO Premium plugin v15.0 - https:\/\/yoast.com\/wordpress\/plugins\/seo\/ -->\n<title>Contact - Tahiti Dream Tours<\/title>\n<meta name=\"robots\" content=\"index, follow, max-snippet:-1, max-image-preview:large, max-video-preview:-1\" \/>\n<link rel=\"canonical\" href=\"https:\/\/tahitidreamtours.com\/en\/contact\/\" \/>\n<meta property=\"og:locale\" content=\"en_US\" \/>\n<meta property=\"og:type\" content=\"article\" \/>\n<meta property=\"og:title\" content=\"Contact - Tahiti Dream Tours\" \/>\n<meta property=\"og:description\" content=\"Contactez-nous Pour toute demande de renseignement ou devis adapt\u00e9. Appeler le (+689) 87 72 93 93 Punaauia, Marina Taina Tahiti &#8211; Polyn\u00e9sie fran\u00e7aise R\u00e9server\" \/>\n<meta property=\"og:url\" content=\"https:\/\/tahitidreamtours.com\/en\/contact\/\" \/>\n<meta property=\"og:site_name\" content=\"Tahiti Dream Tours\" \/>\n<meta property=\"article:publisher\" content=\"https:\/\/www.facebook.com\/Tahiti-DREAM-TOURS-162369734331289\/\" \/>\n<meta property=\"article:modified_time\" content=\"2024-07-03T23:03:22+00:00\" \/>\n<meta name=\"twitter:card\" content=\"summary_large_image\" \/>\n<script type=\"application\/ld+json\" class=\"yoast-schema-graph\">{\"@context\":\"https:\/\/schema.org\",\"@graph\":[{\"@type\":\"Organization\",\"@id\":\"https:\/\/tahitidreamtours.com\/en\/#organization\",\"name\":\"Tahiti Dream Tours\",\"url\":\"https:\/\/tahitidreamtours.com\/en\/\",\"sameAs\":[\"https:\/\/www.facebook.com\/Tahiti-DREAM-TOURS-162369734331289\/\"],\"logo\":{\"@type\":\"ImageObject\",\"@id\":\"https:\/\/tahitidreamtours.com\/en\/#logo\",\"inLanguage\":\"en-US\",\"url\":\"https:\/\/tahitidreamtours.com\/wp-content\/uploads\/2024\/08\/logo-570.png\",\"width\":570,\"height\":570,\"caption\":\"Tahiti Dream Tours\"},\"image\":{\"@id\":\"https:\/\/tahitidreamtours.com\/en\/#logo\"}},{\"@type\":\"WebSite\",\"@id\":\"https:\/\/tahitidreamtours.com\/en\/#website\",\"url\":\"https:\/\/tahitidreamtours.com\/en\/\",\"name\":\"Tahiti Dream Tours\",\"description\":\"Observation des dauphins &amp; baleines \\u00e0 Tahiti - Tours priv\\u00e9s avec guide agr\\u00e9\\u00e9\",\"publisher\":{\"@id\":\"https:\/\/tahitidreamtours.com\/en\/#organization\"},\"potentialAction\":[{\"@type\":\"SearchAction\",\"target\":\"https:\/\/tahitidreamtours.com\/en\/?s={search_term_string}\",\"query-input\":\"required name=search_term_string\"}],\"inLanguage\":\"en-US\"},{\"@type\":\"WebPage\",\"@id\":\"https:\/\/tahitidreamtours.com\/contact\/#webpage\",\"url\":\"https:\/\/tahitidreamtours.com\/contact\/\",\"name\":\"Contact - Tahiti Dream Tours\",\"isPartOf\":{\"@id\":\"https:\/\/tahitidreamtours.com\/en\/#website\"},\"datePublished\":\"2023-12-01T01:02:49+00:00\",\"dateModified\":\"2024-07-03T23:03:22+00:00\",\"breadcrumb\":{\"@id\":\"https:\/\/tahitidreamtours.com\/contact\/#breadcrumb\"},\"inLanguage\":\"en-US\",\"potentialAction\":[{\"@type\":\"ReadAction\",\"target\":[\"https:\/\/tahitidreamtours.com\/contact\/\"]}]},{\"@type\":\"BreadcrumbList\",\"@id\":\"https:\/\/tahitidreamtours.com\/contact\/#breadcrumb\",\"itemListElement\":[{\"@type\":\"ListItem\",\"position\":1,\"item\":{\"@type\":\"WebPage\",\"@id\":\"https:\/\/tahitidreamtours.com\/\",\"url\":\"https:\/\/tahitidreamtours.com\/\",\"name\":\"Accueil\"}},{\"@type\":\"ListItem\",\"position\":2,\"item\":{\"@type\":\"WebPage\",\"@id\":\"https:\/\/tahitidreamtours.com\/contact\/\",\"url\":\"https:\/\/tahitidreamtours.com\/contact\/\",\"name\":\"Contact\"}}]}]}<\/script>\n<!-- \/ Yoast SEO Premium plugin. -->","_links":{"self":[{"href":"https:\/\/tahitidreamtours.com\/en\/wp-json\/wp\/v2\/pages\/17","targetHints":{"allow":["GET"]}}],"collection":[{"href":"https:\/\/tahitidreamtours.com\/en\/wp-json\/wp\/v2\/pages"}],"about":[{"href":"https:\/\/tahitidreamtours.com\/en\/wp-json\/wp\/v2\/types\/page"}],"author":[{"embeddable":true,"href":"https:\/\/tahitidreamtours.com\/en\/wp-json\/wp\/v2\/users\/1"}],"replies":[{"embeddable":true,"href":"https:\/\/tahitidreamtours.com\/en\/wp-json\/wp\/v2\/comments?post=17"}],"version-history":[{"count":0,"href":"https:\/\/tahitidreamtours.com\/en\/wp-json\/wp\/v2\/pages\/17\/revisions"}],"wp:attachment":[{"href":"https:\/\/tahitidreamtours.com\/en\/wp-json\/wp\/v2\/media?parent=17"}],"curies":[{"name":"wp","href":"https:\/\/api.w.org\/{rel}","templated":true}]}}