{"id":2,"date":"2023-11-11T00:41:12","date_gmt":"2023-11-10T23:41:12","guid":{"rendered":"http:\/\/dev.tahitidreamtours.com\/?page_id=2"},"modified":"2024-07-28T21:03:29","modified_gmt":"2024-07-29T07:03:29","slug":"activites","status":"publish","type":"page","link":"https:\/\/tahitidreamtours.com\/en\/activites\/","title":{"rendered":"Activities"},"content":{"rendered":"<div data-elementor-type=\"wp-page\" data-elementor-id=\"2\" class=\"elementor elementor-2\" data-elementor-settings=\"{&quot;ha_cmc_init_switcher&quot;:&quot;no&quot;}\">\n\t\t\t\t\t\t<section class=\"elementor-section elementor-top-section elementor-element elementor-element-86d3d96 elementor-section-full_width activites elementor-section-height-default elementor-section-height-default wpr-particle-no wpr-jarallax-no wpr-parallax-no wpr-sticky-section-no\" data-id=\"86d3d96\" data-element_type=\"section\" data-settings=\"{&quot;_ha_eqh_enable&quot;:false}\">\n\t\t\t\t\t\t<div class=\"elementor-container elementor-column-gap-default\">\n\t\t\t\t\t<div class=\"elementor-column elementor-col-100 elementor-top-column elementor-element elementor-element-2aaeff6\" data-id=\"2aaeff6\" data-element_type=\"column\">\n\t\t\t<div class=\"elementor-widget-wrap elementor-element-populated\">\n\t\t\t\t\t\t<div class=\"elementor-element elementor-element-2d645f0 elementor-invisible elementor-widget elementor-widget-crust-badge\" data-id=\"2d645f0\" data-element_type=\"widget\" data-settings=\"{&quot;_animation&quot;:&quot;fadeInUp&quot;}\" data-widget_type=\"crust-badge.default\">\n\t\t\t\t<div class=\"elementor-widget-container\">\n\t\t\t\t\t<span class=\"badge-line\"><\/span><span class=\"crust-badge  crust-badge-minimal\"><p>Our activities<\/p><\/span><span class=\"badge-right-line\"><\/span>\t\t\t\t<\/div>\n\t\t\t\t<\/div>\n\t\t\t\t<div class=\"elementor-element elementor-element-79fa530 elementor-invisible elementor-widget elementor-widget-text-editor\" data-id=\"79fa530\" data-element_type=\"widget\" data-settings=\"{&quot;_animation&quot;:&quot;fadeInUp&quot;,&quot;_animation_delay&quot;:1150}\" data-widget_type=\"text-editor.default\">\n\t\t\t\t<div class=\"elementor-widget-container\">\n\t\t\t\t\t\t\t\t\t<p>Tailor-made guided tours at sea with Captain Honn<\/p>\t\t\t\t\t\t\t\t<\/div>\n\t\t\t\t<\/div>\n\t\t\t\t<section class=\"elementor-section elementor-inner-section elementor-element elementor-element-6f3e7e1 elementor-section-boxed elementor-section-height-default elementor-section-height-default wpr-particle-no wpr-jarallax-no wpr-parallax-no wpr-sticky-section-no\" data-id=\"6f3e7e1\" data-element_type=\"section\" data-settings=\"{&quot;_ha_eqh_enable&quot;:false}\">\n\t\t\t\t\t\t<div class=\"elementor-container elementor-column-gap-no\">\n\t\t\t\t\t<div class=\"elementor-column elementor-col-33 elementor-inner-column elementor-element elementor-element-766c366\" data-id=\"766c366\" data-element_type=\"column\">\n\t\t\t<div class=\"elementor-widget-wrap elementor-element-populated\">\n\t\t\t\t\t\t<div data-ha-element-link=\"{&quot;url&quot;:&quot;https:\\\/\\\/tahitidreamtours.com\\\/activites\\\/dauphins-baleines\\\/&quot;,&quot;is_external&quot;:&quot;&quot;,&quot;nofollow&quot;:&quot;&quot;}\" style=\"cursor: pointer\" class=\"elementor-element elementor-element-1435e21 activites-box elementor-invisible elementor-widget elementor-widget-crust-info-box\" data-id=\"1435e21\" data-element_type=\"widget\" data-settings=\"{&quot;_animation&quot;:&quot;fadeInUp&quot;}\" data-widget_type=\"crust-info-box.default\">\n\t\t\t\t<div class=\"elementor-widget-container\">\n\t\t\t\t\t<div class=\"crust-infobox crust-infobox-overlay  crust-box-content-hover crust-to-top crust-hover-scale-bg js-tilt img-on-top\" data-tilt-scale=\"1.05\" data-tilt-max=\"4\" data-tilt-speed=\"1000\" data-tilt-perspective=\"800\"><div class=\"crust-overlay-img-wrap\"><div class=\"crust-overlay-img\"><\/div><\/div><div class=\"infobox-content-inner\"><div class=\"crust-infobox-content-wrap\"><div class=\"infobox-icon infobox-icon-type-number\"><div class=\"infobox-icon-wrap\"><span class=\"infobox-icon-number\">from 11,900 F\/pers.<\/span><\/div><\/div><div class=\"crust-infobox-content\"><h5 class=\"crust-infobox-title\"><span class=\"crust-infobox-title-text\">Dolphin and whale watching<\/span><\/h5><div class=\"crust-infobox-text\"><p>Duration : 2h to 3h<\/p><\/div><div class=\"infobox-button normal-btn\"><a class=\"crust-infobox-button crust-btn\"><span><span><span class=\"infobox-button-text\">Read more<\/span><span class=\"crust-btn-icon-wrap\"><i class=\"fas fa-angle-right\"><\/i><\/span><\/span><\/span><\/a><\/div><\/div><\/div><\/div><\/div>\t\t\t\t<\/div>\n\t\t\t\t<\/div>\n\t\t\t\t\t<\/div>\n\t\t<\/div>\n\t\t\t\t<div class=\"elementor-column elementor-col-33 elementor-inner-column elementor-element elementor-element-38e09ab\" data-id=\"38e09ab\" data-element_type=\"column\">\n\t\t\t<div class=\"elementor-widget-wrap elementor-element-populated\">\n\t\t\t\t\t\t<div data-ha-element-link=\"{&quot;url&quot;:&quot;https:\\\/\\\/tahitidreamtours.com\\\/activites\\\/decouverte-du-lagon\\\/&quot;,&quot;is_external&quot;:&quot;&quot;,&quot;nofollow&quot;:&quot;&quot;}\" style=\"cursor: pointer\" class=\"elementor-element elementor-element-196f566 activites-box elementor-invisible elementor-widget elementor-widget-crust-info-box\" data-id=\"196f566\" data-element_type=\"widget\" data-settings=\"{&quot;_animation&quot;:&quot;fadeInUp&quot;}\" data-widget_type=\"crust-info-box.default\">\n\t\t\t\t<div class=\"elementor-widget-container\">\n\t\t\t\t\t<div class=\"crust-infobox crust-infobox-overlay  crust-box-content-hover crust-to-top crust-hover-scale-bg js-tilt img-on-top\" data-tilt-scale=\"1.05\" data-tilt-max=\"4\" data-tilt-speed=\"1000\" data-tilt-perspective=\"800\"><div class=\"crust-overlay-img-wrap\"><div class=\"crust-overlay-img\"><\/div><\/div><div class=\"infobox-content-inner\"><div class=\"crust-infobox-content-wrap\"><div class=\"infobox-icon infobox-icon-type-number\"><div class=\"infobox-icon-wrap\"><span class=\"infobox-icon-number\">from 11,900 F\/pers.<\/span><\/div><\/div><div class=\"crust-infobox-content\"><h5 class=\"crust-infobox-title\"><span class=\"crust-infobox-title-text\">Discovery of the lagoon<\/span><\/h5><div class=\"crust-infobox-text\"><p>Duration : 2h to 3h<\/p><\/div><div class=\"infobox-button normal-btn\"><a class=\"crust-infobox-button crust-btn\"><span><span><span class=\"infobox-button-text\">Read more<\/span><span class=\"crust-btn-icon-wrap\"><i class=\"fas fa-angle-right\"><\/i><\/span><\/span><\/span><\/a><\/div><\/div><\/div><\/div><\/div>\t\t\t\t<\/div>\n\t\t\t\t<\/div>\n\t\t\t\t\t<\/div>\n\t\t<\/div>\n\t\t\t\t<div class=\"elementor-column elementor-col-33 elementor-inner-column elementor-element elementor-element-1ca4767\" data-id=\"1ca4767\" data-element_type=\"column\">\n\t\t\t<div class=\"elementor-widget-wrap elementor-element-populated\">\n\t\t\t\t\t\t<div data-ha-element-link=\"{&quot;url&quot;:&quot;https:\\\/\\\/tahitidreamtours.com\\\/activites\\\/peche-cotiere\\\/&quot;,&quot;is_external&quot;:&quot;&quot;,&quot;nofollow&quot;:&quot;&quot;}\" style=\"cursor: pointer\" class=\"elementor-element elementor-element-0a1a821 activites-box elementor-invisible elementor-widget elementor-widget-crust-info-box\" data-id=\"0a1a821\" data-element_type=\"widget\" data-settings=\"{&quot;_animation&quot;:&quot;fadeInUp&quot;}\" data-widget_type=\"crust-info-box.default\">\n\t\t\t\t<div class=\"elementor-widget-container\">\n\t\t\t\t\t<div class=\"crust-infobox crust-infobox-overlay  crust-box-content-hover crust-to-top crust-hover-scale-bg js-tilt img-on-top\" data-tilt-scale=\"1.05\" data-tilt-max=\"4\" data-tilt-speed=\"1000\" data-tilt-perspective=\"800\"><div class=\"crust-overlay-img-wrap\"><div class=\"crust-overlay-img\"><\/div><\/div><div class=\"infobox-content-inner\"><div class=\"crust-infobox-content-wrap\"><div class=\"infobox-icon infobox-icon-type-number\"><div class=\"infobox-icon-wrap\"><span class=\"infobox-icon-number\">from 11,900 F\/pers.<\/span><\/div><\/div><div class=\"crust-infobox-content\"><h5 class=\"crust-infobox-title\"><span class=\"crust-infobox-title-text\">Coastal trolling<\/span><\/h5><div class=\"crust-infobox-text\"><p>Duration : 2h to 3h<\/p><\/div><div class=\"infobox-button normal-btn\"><a class=\"crust-infobox-button crust-btn\"><span><span><span class=\"infobox-button-text\">Read more<\/span><span class=\"crust-btn-icon-wrap\"><i class=\"fas fa-angle-right\"><\/i><\/span><\/span><\/span><\/a><\/div><\/div><\/div><\/div><\/div>\t\t\t\t<\/div>\n\t\t\t\t<\/div>\n\t\t\t\t\t<\/div>\n\t\t<\/div>\n\t\t\t\t\t<\/div>\n\t\t<\/section>\n\t\t\t\t<section class=\"elementor-section elementor-inner-section elementor-element elementor-element-379235a elementor-section-boxed elementor-section-height-default elementor-section-height-default wpr-particle-no wpr-jarallax-no wpr-parallax-no wpr-sticky-section-no\" data-id=\"379235a\" data-element_type=\"section\" data-settings=\"{&quot;_ha_eqh_enable&quot;:false}\">\n\t\t\t\t\t\t<div class=\"elementor-container elementor-column-gap-no\">\n\t\t\t\t\t<div class=\"elementor-column elementor-col-33 elementor-inner-column elementor-element elementor-element-53a4eb1\" data-id=\"53a4eb1\" data-element_type=\"column\">\n\t\t\t<div class=\"elementor-widget-wrap elementor-element-populated\">\n\t\t\t\t\t\t<div data-ha-element-link=\"{&quot;url&quot;:&quot;https:\\\/\\\/tahitidreamtours.com\\\/activites\\\/peche-des-grands-fonds\\\/&quot;,&quot;is_external&quot;:&quot;&quot;,&quot;nofollow&quot;:&quot;&quot;}\" style=\"cursor: pointer\" class=\"elementor-element elementor-element-eb86e91 activites-box elementor-invisible elementor-widget elementor-widget-crust-info-box\" data-id=\"eb86e91\" data-element_type=\"widget\" data-settings=\"{&quot;_animation&quot;:&quot;fadeInUp&quot;}\" data-widget_type=\"crust-info-box.default\">\n\t\t\t\t<div class=\"elementor-widget-container\">\n\t\t\t\t\t<div class=\"crust-infobox crust-infobox-overlay  crust-box-content-hover crust-to-top crust-hover-scale-bg js-tilt img-on-top\" data-tilt-scale=\"1.05\" data-tilt-max=\"4\" data-tilt-speed=\"1000\" data-tilt-perspective=\"800\"><div class=\"crust-overlay-img-wrap\"><div class=\"crust-overlay-img\"><\/div><\/div><div class=\"infobox-content-inner\"><div class=\"crust-infobox-content-wrap\"><div class=\"infobox-icon infobox-icon-type-number\"><div class=\"infobox-icon-wrap\"><span class=\"infobox-icon-number\">from 11,900 F\/pers.<\/span><\/div><\/div><div class=\"crust-infobox-content\"><h5 class=\"crust-infobox-title\"><span class=\"crust-infobox-title-text\">Deep sea fishing<\/span><\/h5><div class=\"crust-infobox-text\"><p>Duration : 2h to 3h<\/p><\/div><div class=\"infobox-button normal-btn\"><a class=\"crust-infobox-button crust-btn\"><span><span><span class=\"infobox-button-text\">Read more<\/span><span class=\"crust-btn-icon-wrap\"><i class=\"fas fa-angle-right\"><\/i><\/span><\/span><\/span><\/a><\/div><\/div><\/div><\/div><\/div>\t\t\t\t<\/div>\n\t\t\t\t<\/div>\n\t\t\t\t\t<\/div>\n\t\t<\/div>\n\t\t\t\t<div class=\"elementor-column elementor-col-33 elementor-inner-column elementor-element elementor-element-3368571\" data-id=\"3368571\" data-element_type=\"column\">\n\t\t\t<div class=\"elementor-widget-wrap elementor-element-populated\">\n\t\t\t\t\t\t<div data-ha-element-link=\"{&quot;url&quot;:&quot;https:\\\/\\\/tahitidreamtours.com\\\/activites\\\/sunset-tour\\\/&quot;,&quot;is_external&quot;:&quot;&quot;,&quot;nofollow&quot;:&quot;&quot;}\" style=\"cursor: pointer\" class=\"elementor-element elementor-element-92a1c89 activites-box elementor-invisible elementor-widget elementor-widget-crust-info-box\" data-id=\"92a1c89\" data-element_type=\"widget\" data-settings=\"{&quot;_animation&quot;:&quot;fadeInUp&quot;}\" data-widget_type=\"crust-info-box.default\">\n\t\t\t\t<div class=\"elementor-widget-container\">\n\t\t\t\t\t<div class=\"crust-infobox crust-infobox-overlay  crust-box-content-hover crust-to-top crust-hover-scale-bg js-tilt img-on-top\" data-tilt-scale=\"1.05\" data-tilt-max=\"4\" data-tilt-speed=\"1000\" data-tilt-perspective=\"800\"><div class=\"crust-overlay-img-wrap\"><div class=\"crust-overlay-img\"><\/div><\/div><div class=\"infobox-content-inner\"><div class=\"crust-infobox-content-wrap\"><div class=\"infobox-icon infobox-icon-type-number\"><div class=\"infobox-icon-wrap\"><span class=\"infobox-icon-number\">11 900F\/pers.<\/span><\/div><\/div><div class=\"crust-infobox-content\"><h5 class=\"crust-infobox-title\"><span class=\"crust-infobox-title-text\">Sunset tour<\/span><\/h5><div class=\"crust-infobox-text\"><p>Duration : 2h<\/p><\/div><div class=\"infobox-button normal-btn\"><a class=\"crust-infobox-button crust-btn\"><span><span><span class=\"infobox-button-text\">Read more<\/span><span class=\"crust-btn-icon-wrap\"><i class=\"fas fa-angle-right\"><\/i><\/span><\/span><\/span><\/a><\/div><\/div><\/div><\/div><\/div>\t\t\t\t<\/div>\n\t\t\t\t<\/div>\n\t\t\t\t\t<\/div>\n\t\t<\/div>\n\t\t\t\t<div class=\"elementor-column elementor-col-33 elementor-inner-column elementor-element elementor-element-2952751\" data-id=\"2952751\" data-element_type=\"column\">\n\t\t\t<div class=\"elementor-widget-wrap elementor-element-populated\">\n\t\t\t\t\t\t<div data-ha-element-link=\"{&quot;url&quot;:&quot;https:\\\/\\\/tahitidreamtours.com\\\/activites\\\/tour-prive\\\/&quot;,&quot;is_external&quot;:&quot;&quot;,&quot;nofollow&quot;:&quot;&quot;}\" style=\"cursor: pointer\" class=\"elementor-element elementor-element-4a8f53e activites-box elementor-invisible elementor-widget elementor-widget-crust-info-box\" data-id=\"4a8f53e\" data-element_type=\"widget\" data-settings=\"{&quot;_animation&quot;:&quot;fadeInUp&quot;}\" data-widget_type=\"crust-info-box.default\">\n\t\t\t\t<div class=\"elementor-widget-container\">\n\t\t\t\t\t<div class=\"crust-infobox crust-infobox-overlay  crust-box-content-hover crust-to-top crust-hover-scale-bg js-tilt img-on-top\" data-tilt-scale=\"1.05\" data-tilt-max=\"4\" data-tilt-speed=\"1000\" data-tilt-perspective=\"800\"><div class=\"crust-overlay-img-wrap\"><div class=\"crust-overlay-img\"><\/div><\/div><div class=\"infobox-content-inner\"><div class=\"crust-infobox-content-wrap\"><div class=\"infobox-icon infobox-icon-type-number\"><div class=\"infobox-icon-wrap\"><span class=\"infobox-icon-number\">from 17,900F\/pers.<\/span><\/div><\/div><div class=\"crust-infobox-content\"><h5 class=\"crust-infobox-title\"><span class=\"crust-infobox-title-text\">Custom private tour<\/span><\/h5><div class=\"crust-infobox-text\"><p>Duration : 8h max<\/p><\/div><div class=\"infobox-button normal-btn\"><a class=\"crust-infobox-button crust-btn\"><span><span><span class=\"infobox-button-text\">Read more<\/span><span class=\"crust-btn-icon-wrap\"><i class=\"fas fa-angle-right\"><\/i><\/span><\/span><\/span><\/a><\/div><\/div><\/div><\/div><\/div>\t\t\t\t<\/div>\n\t\t\t\t<\/div>\n\t\t\t\t\t<\/div>\n\t\t<\/div>\n\t\t\t\t\t<\/div>\n\t\t<\/section>\n\t\t\t\t\t<\/div>\n\t\t<\/div>\n\t\t\t\t\t<\/div>\n\t\t<\/section>\n\t\t\t\t<\/div>","protected":false},"excerpt":{"rendered":"<p>Nos activit\u00e9s Sorties privatives exclusives en couple, en famille ou entre amis \u00e0 partir de 11 900F\/pers. Observation des dauphins et baleines Dur\u00e9e : 2h \u00e0 3h En savoir plus \u00e0 partir de 11 900F\/pers. D\u00e9couverte du lagon Dur\u00e9e : 2h \u00e0 3h En savoir plus \u00e0 partir de 11 900F\/pers. P\u00eache c\u00f4ti\u00e8re \u00e0 la traine Dur\u00e9e : 2h \u00e0 3h En savoir plus \u00e0 partir de 11 900F\/pers. P\u00eache des grands fonds Dur\u00e9e : 2h \u00e0 3h En savoir plus 11 900F\/pers. Sunset tour Dur\u00e9e : 2h En savoir plus \u00e0 partir de 17 900F\/pers. Tour privatis\u00e9 \u00e0 la carte Dur\u00e9e : 8h max En savoir plus<\/p>","protected":false},"author":1,"featured_media":0,"parent":0,"menu_order":0,"comment_status":"closed","ping_status":"closed","template":"","meta":{"ngg_post_thumbnail":0,"footnotes":""},"class_list":["post-2","page","type-page","status-publish","hentry"],"yoast_head":"<!-- This site is optimized with the Yoast SEO Premium plugin v15.0 - https:\/\/yoast.com\/wordpress\/plugins\/seo\/ -->\n<title>Activit\u00e9s - Tahiti Dream Tours<\/title>\n<meta name=\"robots\" content=\"index, follow, max-snippet:-1, max-image-preview:large, max-video-preview:-1\" \/>\n<link rel=\"canonical\" href=\"https:\/\/tahitidreamtours.com\/en\/activites\/\" \/>\n<meta property=\"og:locale\" content=\"en_US\" \/>\n<meta property=\"og:type\" content=\"article\" \/>\n<meta property=\"og:title\" content=\"Activit\u00e9s - Tahiti Dream Tours\" \/>\n<meta property=\"og:description\" content=\"Nos activit\u00e9s Sorties privatives exclusives en couple, en famille ou entre amis \u00e0 partir de 11 900F\/pers. Observation des dauphins et baleines Dur\u00e9e : 2h \u00e0 3h En savoir plus \u00e0 partir de 11 900F\/pers. D\u00e9couverte du lagon Dur\u00e9e : 2h \u00e0 3h En savoir plus \u00e0 partir de 11 900F\/pers. P\u00eache c\u00f4ti\u00e8re \u00e0 la traine Dur\u00e9e : 2h \u00e0 3h En savoir plus \u00e0 partir de 11 900F\/pers. P\u00eache des grands fonds Dur\u00e9e : 2h \u00e0 3h En savoir plus 11 900F\/pers. Sunset tour Dur\u00e9e : 2h En savoir plus \u00e0 partir de 17 900F\/pers. Tour privatis\u00e9 \u00e0 la carte Dur\u00e9e : 8h max En savoir plus\" \/>\n<meta property=\"og:url\" content=\"https:\/\/tahitidreamtours.com\/en\/activites\/\" \/>\n<meta property=\"og:site_name\" content=\"Tahiti Dream Tours\" \/>\n<meta property=\"article:publisher\" content=\"https:\/\/www.facebook.com\/Tahiti-DREAM-TOURS-162369734331289\/\" \/>\n<meta property=\"article:modified_time\" content=\"2024-07-29T07:03:29+00:00\" \/>\n<meta name=\"twitter:card\" content=\"summary_large_image\" \/>\n<script type=\"application\/ld+json\" class=\"yoast-schema-graph\">{\"@context\":\"https:\/\/schema.org\",\"@graph\":[{\"@type\":\"Organization\",\"@id\":\"https:\/\/tahitidreamtours.com\/en\/#organization\",\"name\":\"Tahiti Dream Tours\",\"url\":\"https:\/\/tahitidreamtours.com\/en\/\",\"sameAs\":[\"https:\/\/www.facebook.com\/Tahiti-DREAM-TOURS-162369734331289\/\"],\"logo\":{\"@type\":\"ImageObject\",\"@id\":\"https:\/\/tahitidreamtours.com\/en\/#logo\",\"inLanguage\":\"en-US\",\"url\":\"https:\/\/tahitidreamtours.com\/wp-content\/uploads\/2024\/08\/logo-570.png\",\"width\":570,\"height\":570,\"caption\":\"Tahiti Dream Tours\"},\"image\":{\"@id\":\"https:\/\/tahitidreamtours.com\/en\/#logo\"}},{\"@type\":\"WebSite\",\"@id\":\"https:\/\/tahitidreamtours.com\/en\/#website\",\"url\":\"https:\/\/tahitidreamtours.com\/en\/\",\"name\":\"Tahiti Dream Tours\",\"description\":\"Observation des dauphins &amp; baleines \\u00e0 Tahiti - Tours priv\\u00e9s avec guide agr\\u00e9\\u00e9\",\"publisher\":{\"@id\":\"https:\/\/tahitidreamtours.com\/en\/#organization\"},\"potentialAction\":[{\"@type\":\"SearchAction\",\"target\":\"https:\/\/tahitidreamtours.com\/en\/?s={search_term_string}\",\"query-input\":\"required name=search_term_string\"}],\"inLanguage\":\"en-US\"},{\"@type\":\"WebPage\",\"@id\":\"https:\/\/tahitidreamtours.com\/activites\/#webpage\",\"url\":\"https:\/\/tahitidreamtours.com\/activites\/\",\"name\":\"Activit\\u00e9s - Tahiti Dream Tours\",\"isPartOf\":{\"@id\":\"https:\/\/tahitidreamtours.com\/en\/#website\"},\"datePublished\":\"2023-11-10T23:41:12+00:00\",\"dateModified\":\"2024-07-29T07:03:29+00:00\",\"breadcrumb\":{\"@id\":\"https:\/\/tahitidreamtours.com\/activites\/#breadcrumb\"},\"inLanguage\":\"en-US\",\"potentialAction\":[{\"@type\":\"ReadAction\",\"target\":[\"https:\/\/tahitidreamtours.com\/activites\/\"]}]},{\"@type\":\"BreadcrumbList\",\"@id\":\"https:\/\/tahitidreamtours.com\/activites\/#breadcrumb\",\"itemListElement\":[{\"@type\":\"ListItem\",\"position\":1,\"item\":{\"@type\":\"WebPage\",\"@id\":\"https:\/\/tahitidreamtours.com\/\",\"url\":\"https:\/\/tahitidreamtours.com\/\",\"name\":\"Accueil\"}},{\"@type\":\"ListItem\",\"position\":2,\"item\":{\"@type\":\"WebPage\",\"@id\":\"https:\/\/tahitidreamtours.com\/activites\/\",\"url\":\"https:\/\/tahitidreamtours.com\/activites\/\",\"name\":\"Activit\\u00e9s\"}}]}]}<\/script>\n<!-- \/ Yoast SEO Premium plugin. -->","_links":{"self":[{"href":"https:\/\/tahitidreamtours.com\/en\/wp-json\/wp\/v2\/pages\/2","targetHints":{"allow":["GET"]}}],"collection":[{"href":"https:\/\/tahitidreamtours.com\/en\/wp-json\/wp\/v2\/pages"}],"about":[{"href":"https:\/\/tahitidreamtours.com\/en\/wp-json\/wp\/v2\/types\/page"}],"author":[{"embeddable":true,"href":"https:\/\/tahitidreamtours.com\/en\/wp-json\/wp\/v2\/users\/1"}],"replies":[{"embeddable":true,"href":"https:\/\/tahitidreamtours.com\/en\/wp-json\/wp\/v2\/comments?post=2"}],"version-history":[{"count":0,"href":"https:\/\/tahitidreamtours.com\/en\/wp-json\/wp\/v2\/pages\/2\/revisions"}],"wp:attachment":[{"href":"https:\/\/tahitidreamtours.com\/en\/wp-json\/wp\/v2\/media?parent=2"}],"curies":[{"name":"wp","href":"https:\/\/api.w.org\/{rel}","templated":true}]}}