{"id":3,"date":"2023-11-11T00:41:12","date_gmt":"2023-11-10T23:41:12","guid":{"rendered":"http:\/\/dev.tahitidreamtours.com\/?page_id=3"},"modified":"2024-07-27T12:53:04","modified_gmt":"2024-07-27T22:53:04","slug":"cgv","status":"publish","type":"page","link":"https:\/\/tahitidreamtours.com\/en\/cgv\/","title":{"rendered":"General conditions of sale"},"content":{"rendered":"<div data-elementor-type=\"wp-page\" data-elementor-id=\"3\" class=\"elementor elementor-3\" data-elementor-settings=\"{&quot;ha_cmc_init_switcher&quot;:&quot;no&quot;}\">\n\t\t\t\t\t\t<section class=\"elementor-section elementor-top-section elementor-element elementor-element-a9ad800 elementor-section-boxed elementor-section-height-default elementor-section-height-default wpr-particle-no wpr-jarallax-no wpr-parallax-no wpr-sticky-section-no\" data-id=\"a9ad800\" data-element_type=\"section\" data-settings=\"{&quot;_ha_eqh_enable&quot;:false}\" data-no-translation=\"\">\n\t\t\t\t\t\t<div class=\"elementor-container elementor-column-gap-default\">\n\t\t\t\t\t<div class=\"elementor-column elementor-col-100 elementor-top-column elementor-element elementor-element-e386ee7\" data-id=\"e386ee7\" data-element_type=\"column\">\n\t\t\t<div class=\"elementor-widget-wrap elementor-element-populated\">\n\t\t\t\t\t\t<div class=\"elementor-element elementor-element-c31c491 elementor-invisible elementor-widget elementor-widget-crust-heading\" data-id=\"c31c491\" data-element_type=\"widget\" data-settings=\"{&quot;_animation&quot;:&quot;fadeInUp&quot;,&quot;_animation_delay&quot;:200}\" data-widget_type=\"crust-heading.default\">\n\t\t\t\t<div class=\"elementor-widget-container\">\n\t\t\t\t\t<h2 class=\"crust-heading\"><p>General conditions of sale\u00a0<\/p><\/h2>\t\t\t\t<\/div>\n\t\t\t\t<\/div>\n\t\t\t\t<div class=\"elementor-element elementor-element-4e9b2ed elementor-widget elementor-widget-text-editor\" data-id=\"4e9b2ed\" data-element_type=\"widget\" data-widget_type=\"text-editor.default\">\n\t\t\t\t<div class=\"elementor-widget-container\">\n\t\t\t\t\t\t\t\t\t<p>&#8211; Reservations must be paid in full before departure to confirm the reservation.<\/p>\n<p>&#8211; The minimum number for an outing is 2 people or for a single person at the rate for 2 people.<\/p>\n<p>You can pay by:<\/p>\n<p>Bank card by secure link, bank transfer, check, cash or foreign currency.<\/p>\n<p>&#8211; The customer who is absent at the precise time of the tour departure cannot be reimbursed under any circumstances.<\/p>\n<p>&#8211; Cancellation within 24 hours of departure does not give rise to any refund.<\/p>\n<p>&#8211; Cancellation within 48 hours of departure is refunded at 50%.<\/p>\n<p>&#8211; Cancellation within 72 hours of departure is refunded at 25%<\/p>\n<p>&#8211; the prices displayed are inclusive of tax, special rate for children under 12 (50%) (identification may be requested)<\/p>\n<p>&#8211; Concerning fishing trips, the fish caught belong to TDT and its crew, however, the captain will have the pleasure of offering a nice piece of the day&rsquo;s catch to customers on board for their dinner.<\/p>\n<p>&#8211; In the event of cancellation of exit by decision of the captain for meteorological or technical reasons you will have priority to choose another date or be refunded 100%.\u00a0<\/p>\t\t\t\t\t\t\t\t<\/div>\n\t\t\t\t<\/div>\n\t\t\t\t<div class=\"elementor-element elementor-element-e78158d elementor-widget elementor-widget-wpr-elementor-template\" data-id=\"e78158d\" data-element_type=\"widget\" data-widget_type=\"wpr-elementor-template.default\">\n\t\t\t\t<div class=\"elementor-widget-container\">\n\t\t\t\t\t<style>.elementor-widget-text-editor{font-family:var( --e-global-typography-text-font-family ), Sans-serif;font-weight:var( --e-global-typography-text-font-weight );color:var( --e-global-color-text );}.elementor-widget-text-editor.elementor-drop-cap-view-stacked .elementor-drop-cap{background-color:var( --e-global-color-primary );}.elementor-widget-text-editor.elementor-drop-cap-view-framed .elementor-drop-cap, .elementor-widget-text-editor.elementor-drop-cap-view-default .elementor-drop-cap{color:var( --e-global-color-primary );border-color:var( --e-global-color-primary );}body.crust-dark .elementor-11814 .elementor-element.elementor-element-baff56e{color:#FFFFFF;}body.crust-dark .elementor-11814 .elementor-element.elementor-element-afdeac0{color:#FFFFFF;}<\/style>\t\t<div data-elementor-type=\"section\" data-elementor-id=\"11814\" class=\"elementor elementor-11814\" data-elementor-settings=\"{&quot;ha_cmc_init_switcher&quot;:&quot;no&quot;}\">\n\t\t\t\t\t\t<section class=\"elementor-section elementor-top-section elementor-element elementor-element-ae8ef12 elementor-section-boxed elementor-section-height-default elementor-section-height-default wpr-particle-no wpr-jarallax-no wpr-parallax-no wpr-sticky-section-no\" data-id=\"ae8ef12\" data-element_type=\"section\" data-settings=\"{&quot;_ha_eqh_enable&quot;:false}\">\n\t\t\t\t\t\t<div class=\"elementor-container elementor-column-gap-default\">\n\t\t\t\t\t<div class=\"elementor-column elementor-col-100 elementor-top-column elementor-element elementor-element-fb21ce5\" data-id=\"fb21ce5\" data-element_type=\"column\">\n\t\t\t<div class=\"elementor-widget-wrap elementor-element-populated\">\n\t\t\t\t\t\t<div class=\"elementor-element elementor-element-baff56e elementor-widget elementor-widget-text-editor\" data-id=\"baff56e\" data-element_type=\"widget\" data-no-translation=\"\" data-widget_type=\"text-editor.default\">\n\t\t\t\t<div class=\"elementor-widget-container\">\n\t\t\t\t\t<style>.elementor-element-baff56e{display:none !important}<\/style>\t\t\t\t<\/div>\n\t\t\t\t<\/div>\n\t\t\t\t<div class=\"elementor-element elementor-element-afdeac0 elementor-widget elementor-widget-text-editor\" data-id=\"afdeac0\" data-element_type=\"widget\" data-no-translation=\"\" data-widget_type=\"text-editor.default\">\n\t\t\t\t<div class=\"elementor-widget-container\">\n\t\t\t\t\t\t\t\t\t<p><span style=\"text-decoration: underline;\"><strong>Bank details :<\/strong><\/span><\/p><p><strong>Establishment Code :<\/strong> 12239 | Box code<strong>\u00a0:<\/strong> 00007 | <strong>Account number :<\/strong> 28236101002 | <strong>RIB key\u00a0:<\/strong> 03<\/p><p><strong>IBAN :<\/strong> FR76 1223 9000 0728 2361 0100 203<\/p><p><strong>BIC :<\/strong> CEPAPFTPXXX<\/p>\t\t\t\t\t\t\t\t<\/div>\n\t\t\t\t<\/div>\n\t\t\t\t\t<\/div>\n\t\t<\/div>\n\t\t\t\t\t<\/div>\n\t\t<\/section>\n\t\t\t\t<\/div>\n\t\t<span class=\"wpr-template-edit-btn\" data-permalink=\"https:\/\/tahitidreamtours.com\/en\/?elementor_library=rib\">Edit Template<\/span>\t\t\t\t<\/div>\n\t\t\t\t<\/div>\n\t\t\t\t\t<\/div>\n\t\t<\/div>\n\t\t\t\t\t<\/div>\n\t\t<\/section>\n\t\t\t\t<\/div>","protected":false},"excerpt":{"rendered":"<p>Condition g\u00e9n\u00e9rales de vente &#8211; Les r\u00e9servations doivent \u00eatre r\u00e9gl\u00e9es dans sa totalit\u00e9 avant le d\u00e9part pour confirmer la r\u00e9servation.&#8211; Le nombre minimal pour effectuer une sortie est de 2 personnes ou pour une personne seule \u00e0 la base de tarif pour 2 personnes.Vous pouvez r\u00e9gler par:Carte bancaire par lien s\u00e9curis\u00e9, virement bancaire, ch\u00e8que, esp\u00e8ces ou en devises.&#8211; Le client absent \u00e0 l&rsquo;heure pr\u00e9cise du d\u00e9part de tour ne peut \u00eatre rembours\u00e9 en aucun cas.&#8211; L&rsquo;annulation \u00e0 24hs de d\u00e9part ne donne lieu \u00e0 aucun remboursement.&#8211; L&rsquo;annulation \u00e0 48hs de d\u00e9part est rembours\u00e9 \u00e0 50%.&#8211; L&rsquo;annulation \u00e0 72hs de d\u00e9part est rembours\u00e9 \u00e0 25%&#8211; les tarifs affich\u00e9s sont TTC, tarif sp\u00e9cial enfant de -12ans (50%) ( une pi\u00e8ce d&rsquo;identit\u00e9 peut \u00eatre demand\u00e9)&#8211; Concernant les sorties de p\u00eache, les poissons captur\u00e9s appartiennent \u00e0 TDT et son \u00e9quipage, toutefois, le capitaine aura le plaisir d&rsquo;offrir un beau morceau de la p\u00eache du jour aux clients \u00e0 bord pour leurs d\u00eener.&#8211; En cas d&rsquo;annulation de sortie par d\u00e9cision du capitaine pour des raisons m\u00e9t\u00e9orologiques ou techniques vous aurez la priorit\u00e9 de choisir une autre date ou \u00eatre rembours\u00e9 \u00e0 100 %. Relev\u00e9 d&#8217;Identit\u00e9 Bancaire : Code \u00e9tablissement : 12239 | Code guichet : 00007 | N\u00b0 compte : 28236101002 | Cl\u00e9 RIB : 03 IBAN : FR76 1223 9000 0728 2361 0100 203 BIC : CEPAPFTPXXX Edit Template General conditions of sale\u00a0 &#8211; Reservations must be paid in full before departure to confirm the reservation. &#8211; The minimum number for an outing is 2 people or for a single person at the rate for 2 people. You can pay by: Bank card by secure link, bank transfer, check, cash or foreign currency. &#8211; The customer who is absent at the precise time of the tour departure cannot be reimbursed under any circumstances. &#8211; Cancellation within 24 hours of departure does not give rise to any refund. &#8211; Cancellation within 48 hours of departure is refunded at 50%. &#8211; Cancellation within 72 hours of departure is refunded at 25% &#8211; the prices displayed are inclusive of tax, special rate for children under 12 (50%) (identification may be requested) &#8211; Concerning fishing trips, the fish caught belong to TDT and its crew, however, the captain will have the pleasure of offering a nice piece of the day&rsquo;s catch to customers on board for their dinner. &#8211; In the event of cancellation of exit by decision of the captain for meteorological or technical reasons you will have priority to choose another date or be refunded 100%.\u00a0 Relev\u00e9 d&#8217;Identit\u00e9 Bancaire : Code \u00e9tablissement : 12239 | Code guichet : 00007 | N\u00b0 compte : 28236101002 | Cl\u00e9 RIB : 03 IBAN : FR76 1223 9000 0728 2361 0100 203 BIC : CEPAPFTPXXX Edit Template<\/p>","protected":false},"author":1,"featured_media":0,"parent":0,"menu_order":0,"comment_status":"closed","ping_status":"closed","template":"","meta":{"ngg_post_thumbnail":0,"footnotes":""},"class_list":["post-3","page","type-page","status-publish","hentry"],"yoast_head":"<!-- This site is optimized with the Yoast SEO Premium plugin v15.0 - https:\/\/yoast.com\/wordpress\/plugins\/seo\/ -->\n<title>Condition g\u00e9n\u00e9rales de vente - Tahiti Dream Tours<\/title>\n<meta name=\"robots\" content=\"index, follow, max-snippet:-1, max-image-preview:large, max-video-preview:-1\" \/>\n<link rel=\"canonical\" href=\"https:\/\/tahitidreamtours.com\/en\/cgv\/\" \/>\n<meta property=\"og:locale\" content=\"en_US\" \/>\n<meta property=\"og:type\" content=\"article\" \/>\n<meta property=\"og:title\" content=\"Condition g\u00e9n\u00e9rales de vente - Tahiti Dream Tours\" \/>\n<meta property=\"og:description\" content=\"Condition g\u00e9n\u00e9rales de vente &#8211; Les r\u00e9servations doivent \u00eatre r\u00e9gl\u00e9es dans sa totalit\u00e9 avant le d\u00e9part pour confirmer la r\u00e9servation.&#8211; Le nombre minimal pour effectuer une sortie est de 2 personnes ou pour une personne seule \u00e0 la base de tarif pour 2 personnes.Vous pouvez r\u00e9gler par:Carte bancaire par lien s\u00e9curis\u00e9, virement bancaire, ch\u00e8que, esp\u00e8ces ou en devises.&#8211; Le client absent \u00e0 l&rsquo;heure pr\u00e9cise du d\u00e9part de tour ne peut \u00eatre rembours\u00e9 en aucun cas.&#8211; L&rsquo;annulation \u00e0 24hs de d\u00e9part ne donne lieu \u00e0 aucun remboursement.&#8211; L&rsquo;annulation \u00e0 48hs de d\u00e9part est rembours\u00e9 \u00e0 50%.&#8211; L&rsquo;annulation \u00e0 72hs de d\u00e9part est rembours\u00e9 \u00e0 25%&#8211; les tarifs affich\u00e9s sont TTC, tarif sp\u00e9cial enfant de -12ans (50%) ( une pi\u00e8ce d&rsquo;identit\u00e9 peut \u00eatre demand\u00e9)&#8211; Concernant les sorties de p\u00eache, les poissons captur\u00e9s appartiennent \u00e0 TDT et son \u00e9quipage, toutefois, le capitaine aura le plaisir d&rsquo;offrir un beau morceau de la p\u00eache du jour aux clients \u00e0 bord pour leurs d\u00eener.&#8211; En cas d&rsquo;annulation de sortie par d\u00e9cision du capitaine pour des raisons m\u00e9t\u00e9orologiques ou techniques vous aurez la priorit\u00e9 de choisir une autre date ou \u00eatre rembours\u00e9 \u00e0 100 %. Relev\u00e9 d&#8217;Identit\u00e9 Bancaire : Code \u00e9tablissement : 12239 | Code guichet : 00007 | N\u00b0 compte : 28236101002 | Cl\u00e9 RIB : 03 IBAN : FR76 1223 9000 0728 2361 0100 203 BIC : CEPAPFTPXXX Edit Template General conditions of sale\u00a0 &#8211; Reservations must be paid in full before departure to confirm the reservation. &#8211; The minimum number for an outing is 2 people or for a single person at the rate for 2 people. You can pay by: Bank card by secure link, bank transfer, check, cash or foreign currency. &#8211; The customer who is absent at the precise time of the tour departure cannot be reimbursed under any circumstances. &#8211; Cancellation within 24 hours of departure does not give rise to any refund. &#8211; Cancellation within 48 hours of departure is refunded at 50%. &#8211; Cancellation within 72 hours of departure is refunded at 25% &#8211; the prices displayed are inclusive of tax, special rate for children under 12 (50%) (identification may be requested) &#8211; Concerning fishing trips, the fish caught belong to TDT and its crew, however, the captain will have the pleasure of offering a nice piece of the day&rsquo;s catch to customers on board for their dinner. &#8211; In the event of cancellation of exit by decision of the captain for meteorological or technical reasons you will have priority to choose another date or be refunded 100%.\u00a0 Relev\u00e9 d&#8217;Identit\u00e9 Bancaire : Code \u00e9tablissement : 12239 | Code guichet : 00007 | N\u00b0 compte : 28236101002 | Cl\u00e9 RIB : 03 IBAN : FR76 1223 9000 0728 2361 0100 203 BIC : CEPAPFTPXXX Edit Template\" \/>\n<meta property=\"og:url\" content=\"https:\/\/tahitidreamtours.com\/en\/cgv\/\" \/>\n<meta property=\"og:site_name\" content=\"Tahiti Dream Tours\" \/>\n<meta property=\"article:publisher\" content=\"https:\/\/www.facebook.com\/Tahiti-DREAM-TOURS-162369734331289\/\" \/>\n<meta property=\"article:modified_time\" content=\"2024-07-27T22:53:04+00:00\" \/>\n<meta name=\"twitter:card\" content=\"summary_large_image\" \/>\n<script type=\"application\/ld+json\" class=\"yoast-schema-graph\">{\"@context\":\"https:\/\/schema.org\",\"@graph\":[{\"@type\":\"Organization\",\"@id\":\"https:\/\/tahitidreamtours.com\/en\/#organization\",\"name\":\"Tahiti Dream Tours\",\"url\":\"https:\/\/tahitidreamtours.com\/en\/\",\"sameAs\":[\"https:\/\/www.facebook.com\/Tahiti-DREAM-TOURS-162369734331289\/\"],\"logo\":{\"@type\":\"ImageObject\",\"@id\":\"https:\/\/tahitidreamtours.com\/en\/#logo\",\"inLanguage\":\"en-US\",\"url\":\"https:\/\/tahitidreamtours.com\/wp-content\/uploads\/2024\/08\/logo-570.png\",\"width\":570,\"height\":570,\"caption\":\"Tahiti Dream Tours\"},\"image\":{\"@id\":\"https:\/\/tahitidreamtours.com\/en\/#logo\"}},{\"@type\":\"WebSite\",\"@id\":\"https:\/\/tahitidreamtours.com\/en\/#website\",\"url\":\"https:\/\/tahitidreamtours.com\/en\/\",\"name\":\"Tahiti Dream Tours\",\"description\":\"Observation des dauphins &amp; baleines \\u00e0 Tahiti - Tours priv\\u00e9s avec guide agr\\u00e9\\u00e9\",\"publisher\":{\"@id\":\"https:\/\/tahitidreamtours.com\/en\/#organization\"},\"potentialAction\":[{\"@type\":\"SearchAction\",\"target\":\"https:\/\/tahitidreamtours.com\/en\/?s={search_term_string}\",\"query-input\":\"required name=search_term_string\"}],\"inLanguage\":\"en-US\"},{\"@type\":\"WebPage\",\"@id\":\"https:\/\/tahitidreamtours.com\/cgv\/#webpage\",\"url\":\"https:\/\/tahitidreamtours.com\/cgv\/\",\"name\":\"Condition g\\u00e9n\\u00e9rales de vente - Tahiti Dream Tours\",\"isPartOf\":{\"@id\":\"https:\/\/tahitidreamtours.com\/en\/#website\"},\"datePublished\":\"2023-11-10T23:41:12+00:00\",\"dateModified\":\"2024-07-27T22:53:04+00:00\",\"breadcrumb\":{\"@id\":\"https:\/\/tahitidreamtours.com\/cgv\/#breadcrumb\"},\"inLanguage\":\"en-US\",\"potentialAction\":[{\"@type\":\"ReadAction\",\"target\":[\"https:\/\/tahitidreamtours.com\/cgv\/\"]}]},{\"@type\":\"BreadcrumbList\",\"@id\":\"https:\/\/tahitidreamtours.com\/cgv\/#breadcrumb\",\"itemListElement\":[{\"@type\":\"ListItem\",\"position\":1,\"item\":{\"@type\":\"WebPage\",\"@id\":\"https:\/\/tahitidreamtours.com\/\",\"url\":\"https:\/\/tahitidreamtours.com\/\",\"name\":\"Accueil\"}},{\"@type\":\"ListItem\",\"position\":2,\"item\":{\"@type\":\"WebPage\",\"@id\":\"https:\/\/tahitidreamtours.com\/cgv\/\",\"url\":\"https:\/\/tahitidreamtours.com\/cgv\/\",\"name\":\"Condition g\\u00e9n\\u00e9rales de vente\"}}]}]}<\/script>\n<!-- \/ Yoast SEO Premium plugin. -->","_links":{"self":[{"href":"https:\/\/tahitidreamtours.com\/en\/wp-json\/wp\/v2\/pages\/3","targetHints":{"allow":["GET"]}}],"collection":[{"href":"https:\/\/tahitidreamtours.com\/en\/wp-json\/wp\/v2\/pages"}],"about":[{"href":"https:\/\/tahitidreamtours.com\/en\/wp-json\/wp\/v2\/types\/page"}],"author":[{"embeddable":true,"href":"https:\/\/tahitidreamtours.com\/en\/wp-json\/wp\/v2\/users\/1"}],"replies":[{"embeddable":true,"href":"https:\/\/tahitidreamtours.com\/en\/wp-json\/wp\/v2\/comments?post=3"}],"version-history":[{"count":0,"href":"https:\/\/tahitidreamtours.com\/en\/wp-json\/wp\/v2\/pages\/3\/revisions"}],"wp:attachment":[{"href":"https:\/\/tahitidreamtours.com\/en\/wp-json\/wp\/v2\/media?parent=3"}],"curies":[{"name":"wp","href":"https:\/\/api.w.org\/{rel}","templated":true}]}}